{"id":7066,"date":"2017-08-28T13:28:36","date_gmt":"2017-08-28T13:28:36","guid":{"rendered":"https:\/\/www.bibionepanorama.it\/de\/offerte\/"},"modified":"2021-06-19T17:11:51","modified_gmt":"2021-06-19T17:11:51","slug":"angebot","status":"publish","type":"page","link":"https:\/\/www.bibionepanorama.it\/de\/angebot\/","title":{"rendered":"Angebot"},"content":{"rendered":"<div class=\"wpb-content-wrapper\"><p>[vc_row content_width=&#8220;grid&#8220; css=&#8220;.vc_custom_1459342558588{padding-top: 140px !important;padding-bottom: 80px !important;}&#8220;][vc_column css=&#8220;.vc_custom_1459760007455{padding-right: 3% !important;}&#8220; offset=&#8220;vc_col-lg-6 vc_col-md-12&#8243;][vc_single_image image=&#8220;4895&#8243; img_size=&#8220;full&#8220; alignment=&#8220;right&#8220;][vc_empty_space height=&#8220;60px&#8220;][\/vc_column][vc_column css=&#8220;.vc_custom_1459760013485{padding-right: 9% !important;padding-left: 3% !important;}&#8220; offset=&#8220;vc_col-lg-6 vc_col-md-12&#8243;][vc_column_text]<\/p>\n<h2><span style=\"color: #ff0000;\">SONDERANGEBOT SEPTEMBER 2021!<\/span><\/h2>\n<p>[\/vc_column_text][vc_empty_space height=&#8220;24px&#8220;][vc_column_text]<\/p>\n<p style=\"text-align: center;\">SONDERANGEBOT von 18\/9 bis 4\/10<\/p>\n<p style=\"text-align: center;\">Wenn Sie einen Aufenhalt von 7 Tagen buchen: 7=6 \u00a0EIN TAG FREI<\/p>\n<p style=\"text-align: center;\">Wenn Sie einen Aufenhalt von 14 Tagen buchen: 14=12\u00a0 ZWEI TAGE FREI<\/p>\n<p style=\"text-align: center;\">Nutzen Sie die Gelegenheit bis 20.Juli!<\/p>\n<p>[\/vc_column_text][vc_empty_space height=&#8220;44px&#8220;][\/vc_column][\/vc_row][vc_row css=&#8220;.vc_custom_1469609306824{background-color: #1e73be !important;}&#8220;][vc_column]<div class=\"edgtf-elements-holder edgtf-two-columns edgtf-responsive-mode-768\" ><div class=\"edgtf-elements-holder-item edgtf-horizontal-alignment-right\"  >\n\t<div class=\"edgtf-elements-holder-item-inner\">\n\t\t<div class=\"edgtf-elements-holder-item-content edgtf-elements-holder-custom-655581\" style=\"padding: 12.7% 12.4% 13.7% 32.5%\">\n\t\t\t\t\t\t<style type=\"text\/css\" data-type=\"edgtf-elements-custom-padding\" scoped>\n\n\t\t\t\t\t\t\t\t@media only screen and (min-width: 1280px) and (max-width: 1439px) {\n\t\t\t\t\t.edgtf-elements-holder .edgtf-elements-holder-item-content.edgtf-elements-holder-custom-655581 {\n\t\t\t\t\t\tpadding:  !important;\n\t\t\t\t\t}\n\t\t\t\t}\n\t\t\t\t\t\t\t\t\t\t\t\t\t@media only screen and (min-width: 1024px) and (max-width: 1280px) {\n\t\t\t\t\t\t.edgtf-elements-holder .edgtf-elements-holder-item-content.edgtf-elements-holder-custom-655581 {\n\t\t\t\t\t\t\tpadding: 4% 11% 4% 17% !important;\n\t\t\t\t\t\t}\n\t\t\t\t\t}\n\t\t\t\t\t\t\t\t\t\t\t\t@media only screen and (min-width: 768px) and (max-width: 1024px) {\n\t\t\t\t\t.edgtf-elements-holder .edgtf-elements-holder-item-content.edgtf-elements-holder-custom-655581 {\n\t\t\t\t\t\tpadding: 7% 11% 7% 29% !important;\n\t\t\t\t\t}\n\t\t\t\t}\n\t\t\t\t\t\t\t\t\t\t\t\t@media only screen and (min-width: 600px) and (max-width: 768px) {\n\t\t\t\t\t.edgtf-elements-holder .edgtf-elements-holder-item-content.edgtf-elements-holder-custom-655581 {\n\t\t\t\t\t\tpadding: 7% 3% 7% 8% !important;\n\t\t\t\t\t}\n\t\t\t\t}\n\t\t\t\t\t\t\t\t\t\t\t\t@media only screen and (min-width: 480px) and (max-width: 600px) {\n\t\t\t\t\t.edgtf-elements-holder .edgtf-elements-holder-item-content.edgtf-elements-holder-custom-655581 {\n\t\t\t\t\t\tpadding: 7% 4% 7% 10% !important;\n\t\t\t\t\t}\n\t\t\t\t}\n\t\t\t\t\t\t\t\t\t\t\t\t@media only screen and (max-width: 480px) {\n\t\t\t\t\t.edgtf-elements-holder .edgtf-elements-holder-item-content.edgtf-elements-holder-custom-655581 {\n\t\t\t\t\t\tpadding: 20% 9% 20% 9% !important;\n\t\t\t\t\t}\n\t\t\t\t}\n\t\t\t\t\t\t\t\t<\/style>\n\t\t\t\t\t\t[vc_empty_space height=&#8220;9px&#8220;][vc_column_text]<\/p>\n<h2 style=\"color: #ffffff;\">DIE WOHNUNGEN<\/h2>\n<p>[\/vc_column_text][vc_empty_space height=&#8220;26px&#8220;][vc_column_text]<span style=\"color: #ffffff;\">Residence Panorama *** besteht aus 25 luxuri\u00f6s eingerichten und gut ausgestatteten Wohnungen, die Ihnen einen erholsamen Urlaub und absolute Autonomie erm\u00f6glichen.<\/span><\/p>\n<p><span style=\"color: #ffffff;\">Ausgestattet mit allem Komfort und von verschiedenen Gr\u00f6\u00dfen, k\u00f6nnen die Wohnungen bis zu 6 Personen belegt werden und sind ideal f\u00fcr Paare und Familien mit Kindern.<\/span>[\/vc_column_text][vc_empty_space height=&#8220;30px&#8220;]<a href=\"\/de\/alle-wohnungen-mit-meerblick\/\" target=\"_self\" style=\"color: #ffffff;font-weight: 700\" class=\"edgtf-btn edgtf-btn-medium edgtf-btn-solid-light edgtf-btn-custom-hover-bg edgtf-btn-custom-border-hover edgtf-btn-custom-hover-color\" data-hover-bg-color=\"#e2af00\" data-hover-color=\"#ffffff\" data-hover-border-color=\"#e2af00\" >\n    <span class=\"edgtf-btn-text\">DETAILS<\/span><\/a>\t\t<\/div>\n\t<\/div>\n<\/div><div class=\"edgtf-elements-holder-item \"  >\n\t<div class=\"edgtf-elements-holder-item-inner\">\n\t\t<div class=\"edgtf-elements-holder-item-content edgtf-elements-holder-custom-848227\" style=\"padding: 0% 0% 0% 0%\">\n\t\t\t\t\t\t<style type=\"text\/css\" data-type=\"edgtf-elements-custom-padding\" scoped>\n\n\t\t\t\t\t\t\t\t@media only screen and (min-width: 1280px) and (max-width: 1439px) {\n\t\t\t\t\t.edgtf-elements-holder .edgtf-elements-holder-item-content.edgtf-elements-holder-custom-848227 {\n\t\t\t\t\t\tpadding:  !important;\n\t\t\t\t\t}\n\t\t\t\t}\n\t\t\t\t\t\t\t\t\t\t\t\t\t@media only screen and (min-width: 1024px) and (max-width: 1280px) {\n\t\t\t\t\t\t.edgtf-elements-holder .edgtf-elements-holder-item-content.edgtf-elements-holder-custom-848227 {\n\t\t\t\t\t\t\tpadding: 4% 11% 4% 17% !important;\n\t\t\t\t\t\t}\n\t\t\t\t\t}\n\t\t\t\t\t\t\t\t\t\t\t\t@media only screen and (min-width: 768px) and (max-width: 1024px) {\n\t\t\t\t\t.edgtf-elements-holder .edgtf-elements-holder-item-content.edgtf-elements-holder-custom-848227 {\n\t\t\t\t\t\tpadding: 7% 11% 7% 29% !important;\n\t\t\t\t\t}\n\t\t\t\t}\n\t\t\t\t\t\t\t\t\t\t\t\t@media only screen and (min-width: 600px) and (max-width: 768px) {\n\t\t\t\t\t.edgtf-elements-holder .edgtf-elements-holder-item-content.edgtf-elements-holder-custom-848227 {\n\t\t\t\t\t\tpadding: 7% 3% 7% 8% !important;\n\t\t\t\t\t}\n\t\t\t\t}\n\t\t\t\t\t\t\t\t\t\t\t\t@media only screen and (min-width: 480px) and (max-width: 600px) {\n\t\t\t\t\t.edgtf-elements-holder .edgtf-elements-holder-item-content.edgtf-elements-holder-custom-848227 {\n\t\t\t\t\t\tpadding: 7% 4% 7% 10% !important;\n\t\t\t\t\t}\n\t\t\t\t}\n\t\t\t\t\t\t\t\t\t\t\t\t@media only screen and (max-width: 480px) {\n\t\t\t\t\t.edgtf-elements-holder .edgtf-elements-holder-item-content.edgtf-elements-holder-custom-848227 {\n\t\t\t\t\t\tpadding: 20% 9% 20% 9% !important;\n\t\t\t\t\t}\n\t\t\t\t}\n\t\t\t\t\t\t\t\t<\/style>\n\t\t\t\t\t\t[vc_single_image image=&#8220;5110&#8243; img_size=&#8220;full&#8220;]\t\t<\/div>\n\t<\/div>\n<\/div><\/div>[\/vc_column][\/vc_row]<\/p>\n<\/div>","protected":false},"excerpt":{"rendered":"<p>[vc_row content_width=&#8220;grid&#8220; css=&#8220;.vc_custom_1459342558588{padding-top: 140px !important;padding-bottom: 80px !important;}&#8220;][vc_column css=&#8220;.vc_custom_1459760007455{padding-right: 3% !important;}&#8220; offset=&#8220;vc_col-lg-6 vc_col-md-12&#8243;][vc_single_image image=&#8220;4895&#8243; img_size=&#8220;full&#8220; alignment=&#8220;right&#8220;][vc_empty_space height=&#8220;60px&#8220;][\/vc_column][vc_column css=&#8220;.vc_custom_1459760013485{padding-right: 9% !important;padding-left: 3% !important;}&#8220; offset=&#8220;vc_col-lg-6 vc_col-md-12&#8243;][vc_column_text] SONDERANGEBOT SEPTEMBER 2021! [\/vc_column_text][vc_empty_space height=&#8220;24px&#8220;][vc_column_text] SONDERANGEBOT von 18\/9 bis 4\/10 Wenn Sie einen Aufenhalt von 7 Tagen buchen: 7=6 \u00a0EIN TAG FREI&#8230;<\/p>\n","protected":false},"author":1,"featured_media":0,"parent":0,"menu_order":0,"comment_status":"closed","ping_status":"closed","template":"full-width.php","meta":{"wp_mapbox_gl_js_media":[],"footnotes":""},"class_list":["post-7066","page","type-page","status-publish","hentry"],"_links":{"self":[{"href":"https:\/\/www.bibionepanorama.it\/de\/wp-json\/wp\/v2\/pages\/7066","targetHints":{"allow":["GET"]}}],"collection":[{"href":"https:\/\/www.bibionepanorama.it\/de\/wp-json\/wp\/v2\/pages"}],"about":[{"href":"https:\/\/www.bibionepanorama.it\/de\/wp-json\/wp\/v2\/types\/page"}],"author":[{"embeddable":true,"href":"https:\/\/www.bibionepanorama.it\/de\/wp-json\/wp\/v2\/users\/1"}],"replies":[{"embeddable":true,"href":"https:\/\/www.bibionepanorama.it\/de\/wp-json\/wp\/v2\/comments?post=7066"}],"version-history":[{"count":14,"href":"https:\/\/www.bibionepanorama.it\/de\/wp-json\/wp\/v2\/pages\/7066\/revisions"}],"predecessor-version":[{"id":8979,"href":"https:\/\/www.bibionepanorama.it\/de\/wp-json\/wp\/v2\/pages\/7066\/revisions\/8979"}],"wp:attachment":[{"href":"https:\/\/www.bibionepanorama.it\/de\/wp-json\/wp\/v2\/media?parent=7066"}],"curies":[{"name":"wp","href":"https:\/\/api.w.org\/{rel}","templated":true}]}}