{"id":5422,"date":"2016-08-05T08:58:24","date_gmt":"2016-08-05T08:58:24","guid":{"rendered":"https:\/\/www.bibionepanorama.it\/?page_id=5422&#038;lang=de"},"modified":"2025-07-24T06:42:38","modified_gmt":"2025-07-24T06:42:38","slug":"preiseliste-typ-c","status":"publish","type":"page","link":"https:\/\/www.bibionepanorama.it\/de\/preiseliste-typ-c\/","title":{"rendered":"PREISELISTE TYP C"},"content":{"rendered":"<div class=\"wpb-content-wrapper\"><p>[vc_row content_width=&#8220;grid&#8220; css=&#8220;.vc_custom_1469714203148{background-color: #ffffff !important;}&#8220;][vc_column][vc_empty_space height=&#8220;60px&#8220;][vc_empty_space height=&#8220;60px&#8220;][vc_column_text]<\/p>\n<div class=\"wpb_text_column wpb_content_element \">\n<div class=\"wpb_wrapper\">\n<p><strong>Die angegebenen Preise sind Richtpreise und k\u00f6nnen variieren;\u00a0<\/strong>sie gelten pro Wohnung und Woche und sind in Euro.<br \/>\nIm Preis inbegriffen: MWS, Reinigung (Kochecke und Geschirr ausgeschlossen), Handt\u00fccher u. Bettw\u00e4sche 1 Wechsel unter der Woche, Internet WIFI Verbindung , Klimaanlage, SAT-TV, Waschmaschinen frei zur Benutzung in Gemeinraum, Schwimmbad mit Whirlpool, 1 Strandplatz pro Wohnung (Sonnenschirm mit 2 Liegebetten), 1 Parkplatz in der Tiefgarage pro Wohnung. Hochstuhl f\u00fcr Kinder ist kostenlos.<br \/>\nMindestaufenthalt: 7 Tage in der Zeit von 01\/06 bis 14\/09.<br \/>\nIn der Vor- u. Nachsaison\u00a0 Ank\u00fcnfte und Aufenthalte nach Wunsch.\u00a0<strong>25% Preisaufschlag<\/strong>\u00a0<strong>f\u00fcr Kurzaufenthalte bis zu 4 Tagen<\/strong>.<\/p>\n<p><strong>Dienstleistungen gegen Geb\u00fchr:<\/strong>\u00a0Kontinentales Fr\u00fchst\u00fccksbuffet, Fahrradverleih, Zusatzbetten, Kinderreisebetten und Kinderwagen.<\/p>\n<\/div>\n<\/div>\n<p>[\/vc_column_text][vc_empty_space height=&#8220;44px&#8220;][\/vc_column][\/vc_row][vc_row content_width=&#8220;grid&#8220; css=&#8220;.vc_custom_1469714161700{background-color: #ffffff !important;}&#8220;][vc_column][vc_row_inner][vc_column_inner width=&#8220;1\/2&#8243;][vc_column_text]<\/p>\n<h2>Typ C<\/h2>\n<p>[\/vc_column_text][\/vc_column_inner][vc_column_inner width=&#8220;1\/2&#8243;]<div class=\"edgtf-accordion-holder clearfix edgtf-toggle edgtf-initial \">\n\t<p class=\"clearfix edgtf-title-holder\">\n\t<span class=\"edgtf-tab-title-holder\">\n\t\t<span class=\"edgtf-tab-title-inner\">\n\t\t\t<span class=\"edgtf-tab-title\">\n\t\t\t\tBeschreibung Wohnung\t\t\t<\/span>\n\t\t\t<span class=\"edgtf-accordion-mark\">\n\t\t\t\t<span class=\"edgtf-accordion-mark-icon\">\n\t\t\t\t\t<span class=\"icon_plus\"><\/span>\n\t\t\t\t\t<span class=\"icon_minus-06\"><\/span>\n\t\t\t\t<\/span>\n\t\t\t<\/span>\n\t\t<\/span>\n\t<\/span>\n<\/p>\n<div class=\"edgtf-accordion-content\">\n\t<div class=\"edgtf-accordion-content-inner\">\n\t\t[vc_column_text]<\/p>\n<div class=\"wpb_text_column wpb_content_element \">\n<div class=\"wpb_wrapper\">\n<p><strong>(max 4\/6 Schlafpl\u00e4tze)<br \/>\n<\/strong>Ideale Unterkunft f\u00fcr Familien, die Dreizimmerwohnungen in der 1. und 2. Etage bieten 4 bis 6 Schlafpl\u00e4tze, sind ger\u00e4umig und mit gro\u00dfer Sorgfalt f\u00fcr jedes Detail eingerichtet. Sie bestehen aus einem Wohnbereich mit Kochecke und Schlafsofa, zwei Doppelschlafzimmern, zwei Badezimmern, einem gro\u00dfen Balkon mit direktem Meerblick und einem kleineren auf der Seite, einen Parkplatz in der Tiefgarage.<\/p>\n<\/div>\n<\/div>\n<p>[\/vc_column_text]\t<\/div>\n<\/div><\/div>[vc_empty_space height=&#8220;20px&#8220;][\/vc_column_inner][\/vc_row_inner][vc_column_text]\n<table id=\"tablepress-19\" class=\"tablepress tablepress-id-19\">\n<thead>\n<tr class=\"row-1\">\n\t<td class=\"column-1\"><\/td><th class=\"column-2\">17\/05 - 23\/05\/2025<\/th><th class=\"column-3\">24\/05 - 27\/06\/2025<\/th><th class=\"column-4\">28\/06 - 04\/07\/2025<\/th><th class=\"column-5\">05\/07 - 25\/07\/2025<\/th><th class=\"column-6\">26\/07 - 01\/08\/2025<\/th><th class=\"column-7\">02\/08 - 22\/08\/2025<\/th><th class=\"column-8\">23\/08 - 29\/08\/2025<\/th><th class=\"column-9\">30\/08 - 05\/09\/2025<\/th><th class=\"column-10\">06\/09 - 12\/09\/2025<\/th><th class=\"column-11\">13\/09 - 04\/10\/2025<\/th>\n<\/tr>\n<\/thead>\n<tbody class=\"row-striping row-hover\">\n<tr class=\"row-2\">\n\t<td class=\"column-1\">Bis zu 4 Pers.<\/td><td class=\"column-2\">1421<\/td><td class=\"column-3\">1911<\/td><td class=\"column-4\">2205<\/td><td class=\"column-5\">2401<\/td><td class=\"column-6\">2506<\/td><td class=\"column-7\">2667<\/td><td class=\"column-8\">2359<\/td><td class=\"column-9\">2135<\/td><td class=\"column-10\">1596<\/td><td class=\"column-11\">1260<\/td>\n<\/tr>\n<tr class=\"row-3\">\n\t<td class=\"column-1\">Bis zu 5 Pers.<\/td><td class=\"column-2\">1568<\/td><td class=\"column-3\">2023<\/td><td class=\"column-4\">2352<\/td><td class=\"column-5\">2548<\/td><td class=\"column-6\">2653<\/td><td class=\"column-7\">2849<\/td><td class=\"column-8\">2513<\/td><td class=\"column-9\">2296<\/td><td class=\"column-10\">1750<\/td><td class=\"column-11\">1400<\/td>\n<\/tr>\n<tr class=\"row-4\">\n\t<td class=\"column-1\">Bis zu 6 Pers.<\/td><td class=\"column-2\">1673<\/td><td class=\"column-3\">2123<\/td><td class=\"column-4\">2452<\/td><td class=\"column-5\">2648<\/td><td class=\"column-6\">2753<\/td><td class=\"column-7\">2949<\/td><td class=\"column-8\">2613<\/td><td class=\"column-9\">2396 <\/td><td class=\"column-10\">1869<\/td><td class=\"column-11\">1512<\/td>\n<\/tr>\n<\/tbody>\n<\/table>\n<!-- #tablepress-19 from cache -->[\/vc_column_text][vc_empty_space height=&#8220;20px&#8220;][vc_row_inner][vc_column_inner width=&#8220;1\/2&#8243;][vc_column_text]<\/p>\n<h2>Typ CL<\/h2>\n<p>[\/vc_column_text][\/vc_column_inner][vc_column_inner width=&#8220;1\/2&#8243;]<div class=\"edgtf-accordion-holder clearfix edgtf-toggle edgtf-initial \">\n\t<p class=\"clearfix edgtf-title-holder\">\n\t<span class=\"edgtf-tab-title-holder\">\n\t\t<span class=\"edgtf-tab-title-inner\">\n\t\t\t<span class=\"edgtf-tab-title\">\n\t\t\t\tBeschreibung Wohnung\t\t\t<\/span>\n\t\t\t<span class=\"edgtf-accordion-mark\">\n\t\t\t\t<span class=\"edgtf-accordion-mark-icon\">\n\t\t\t\t\t<span class=\"icon_plus\"><\/span>\n\t\t\t\t\t<span class=\"icon_minus-06\"><\/span>\n\t\t\t\t<\/span>\n\t\t\t<\/span>\n\t\t<\/span>\n\t<\/span>\n<\/p>\n<div class=\"edgtf-accordion-content\">\n\t<div class=\"edgtf-accordion-content-inner\">\n\t\t[vc_column_text]<\/p>\n<div class=\"wpb_text_column wpb_content_element \">\n<div class=\"wpb_wrapper\">\n<p><strong>Lux (max 4\/6 Schlafpl\u00e4tze)<\/strong><br \/>\nDreizimmerwohnungen auf der 3. Etage. Ihre Standardausstattung wurde erweitert um Geschirrsp\u00fcler, Flachbild-TV im gro\u00dfen Schlafraum, zwei Fahrr\u00e4der zur Verf\u00fcgung f\u00fcr den ganzen Aufenthalt<\/p>\n<\/div>\n<\/div>\n<p>[\/vc_column_text]\t<\/div>\n<\/div><\/div>[vc_empty_space height=&#8220;20px&#8220;][\/vc_column_inner][\/vc_row_inner][vc_column_text]\n<table id=\"tablepress-20\" class=\"tablepress tablepress-id-20\">\n<thead>\n<tr class=\"row-1\">\n\t<td class=\"column-1\"><\/td><th class=\"column-2\">17\/05 - 23\/05\/2025<\/th><th class=\"column-3\">24\/05 - 27\/06\/2025<\/th><th class=\"column-4\">28\/06 - 04\/07\/2025<\/th><th class=\"column-5\">05\/07 - 25\/07\/2025<\/th><th class=\"column-6\">26\/07 - 01\/08\/2025<\/th><th class=\"column-7\">02\/08 - 22\/08\/2025<\/th><th class=\"column-8\">23\/08 - 29\/08\/2025<\/th><th class=\"column-9\">30\/08 - 05\/09\/2025<\/th><th class=\"column-10\">06\/09 - 12\/09\/2025<\/th><th class=\"column-11\">13\/09 - 04\/10\/2025<\/th>\n<\/tr>\n<\/thead>\n<tbody class=\"row-striping row-hover\">\n<tr class=\"row-2\">\n\t<td class=\"column-1\">Bis zu 4 Pers.<\/td><td class=\"column-2\">1582<\/td><td class=\"column-3\">2100<\/td><td class=\"column-4\">2436<\/td><td class=\"column-5\">2625<\/td><td class=\"column-6\">2723<\/td><td class=\"column-7\">2891<\/td><td class=\"column-8\">2632<\/td><td class=\"column-9\">2338<\/td><td class=\"column-10\">1792<\/td><td class=\"column-11\">1449<\/td>\n<\/tr>\n<tr class=\"row-3\">\n\t<td class=\"column-1\">Bis zu 5 Pers.<\/td><td class=\"column-2\">1722<\/td><td class=\"column-3\">2212<\/td><td class=\"column-4\">2583<\/td><td class=\"column-5\">2772<\/td><td class=\"column-6\">2870<\/td><td class=\"column-7\">3073<\/td><td class=\"column-8\">2786<\/td><td class=\"column-9\">2499<\/td><td class=\"column-10\">1946<\/td><td class=\"column-11\">1589<\/td>\n<\/tr>\n<tr class=\"row-4\">\n\t<td class=\"column-1\">Bis zu 6 Pers.<\/td><td class=\"column-2\">1834<\/td><td class=\"column-3\">2312<\/td><td class=\"column-4\">2683<\/td><td class=\"column-5\">2872<\/td><td class=\"column-6\">2970<\/td><td class=\"column-7\">3173<\/td><td class=\"column-8\">2886<\/td><td class=\"column-9\">2599<\/td><td class=\"column-10\">2065<\/td><td class=\"column-11\">1701<\/td>\n<\/tr>\n<\/tbody>\n<\/table>\n<!-- #tablepress-20 from cache -->[\/vc_column_text][vc_empty_space height=&#8220;20px&#8220;][vc_row_inner][vc_column_inner width=&#8220;1\/2&#8243;][vc_column_text]<\/p>\n<h2>Typ CLL<\/h2>\n<p>[\/vc_column_text][\/vc_column_inner][vc_column_inner width=&#8220;1\/2&#8243;]<div class=\"edgtf-accordion-holder clearfix edgtf-toggle edgtf-initial \">\n\t<p class=\"clearfix edgtf-title-holder\">\n\t<span class=\"edgtf-tab-title-holder\">\n\t\t<span class=\"edgtf-tab-title-inner\">\n\t\t\t<span class=\"edgtf-tab-title\">\n\t\t\t\tBeschreibung Wohnung\t\t\t<\/span>\n\t\t\t<span class=\"edgtf-accordion-mark\">\n\t\t\t\t<span class=\"edgtf-accordion-mark-icon\">\n\t\t\t\t\t<span class=\"icon_plus\"><\/span>\n\t\t\t\t\t<span class=\"icon_minus-06\"><\/span>\n\t\t\t\t<\/span>\n\t\t\t<\/span>\n\t\t<\/span>\n\t<\/span>\n<\/p>\n<div class=\"edgtf-accordion-content\">\n\t<div class=\"edgtf-accordion-content-inner\">\n\t\t[vc_column_text]<\/p>\n<div class=\"wpb_text_column wpb_content_element \">\n<div class=\"wpb_wrapper\">\n<p><strong>LL (max 4\/6 Schlafpl\u00e4tze)<\/strong><\/p>\n<p>Dreizimmerwohnungen im 4. und 5. Stock mit einem atemberaubenden Panoramablick. Zus\u00e4tzlich zu der L Leistungen, reservieren wir Ihnen den Strandplatz mit Sonnenschirm und Liegen ganz vorne in den ersten drei Reihen und wir bringen Ihnen jeden Morgen eine Tagszeitung nach Wunsch.<\/p>\n<\/div>\n<\/div>\n<p>[\/vc_column_text]\t<\/div>\n<\/div><\/div>[vc_empty_space height=&#8220;20px&#8220;][\/vc_column_inner][\/vc_row_inner][vc_column_text]\n<table id=\"tablepress-21\" class=\"tablepress tablepress-id-21\">\n<thead>\n<tr class=\"row-1\">\n\t<td class=\"column-1\"><\/td><th class=\"column-2\">17\/05 - 23\/05\/2025<\/th><th class=\"column-3\">24\/05 - 27\/06\/2025<\/th><th class=\"column-4\">28\/06 - 04\/07\/2025<\/th><th class=\"column-5\">05\/07 - 25\/07\/2025<\/th><th class=\"column-6\">26\/07 - 01\/08\/2025<\/th><th class=\"column-7\">02\/08 - 22\/08\/2025<\/th><th class=\"column-8\">23\/08 - 29\/08\/2025<\/th><th class=\"column-9\">30\/08 - 05\/09\/2025<\/th><th class=\"column-10\">06\/09 - 12\/09\/2025<\/th><th class=\"column-11\">13\/09 - 04\/10\/2025<\/th>\n<\/tr>\n<\/thead>\n<tbody class=\"row-striping row-hover\">\n<tr class=\"row-2\">\n\t<td class=\"column-1\">Bis zu 4 Pers.<\/td><td class=\"column-2\">1701<\/td><td class=\"column-3\">2247<\/td><td class=\"column-4\">2618<\/td><td class=\"column-5\">2660<\/td><td class=\"column-6\">2919<\/td><td class=\"column-7\">3101<\/td><td class=\"column-8\">2639<\/td><td class=\"column-9\">2296<\/td><td class=\"column-10\">1932<\/td><td class=\"column-11\">1561<\/td>\n<\/tr>\n<tr class=\"row-3\">\n\t<td class=\"column-1\">Bis zu 5 Pers.<\/td><td class=\"column-2\">1848<\/td><td class=\"column-3\">2359<\/td><td class=\"column-4\">2765<\/td><td class=\"column-5\">2842<\/td><td class=\"column-6\">3066<\/td><td class=\"column-7\">3283<\/td><td class=\"column-8\">2828<\/td><td class=\"column-9\">2499<\/td><td class=\"column-10\">2086<\/td><td class=\"column-11\">1701<\/td>\n<\/tr>\n<tr class=\"row-4\">\n\t<td class=\"column-1\">Bis zu 6 Pers.<\/td><td class=\"column-2\">1953<\/td><td class=\"column-3\">2459<\/td><td class=\"column-4\">2865<\/td><td class=\"column-5\">2989<\/td><td class=\"column-6\">3166<\/td><td class=\"column-7\">3383<\/td><td class=\"column-8\">2982<\/td><td class=\"column-9\">2660<\/td><td class=\"column-10\">2205<\/td><td class=\"column-11\">1813<\/td>\n<\/tr>\n<\/tbody>\n<\/table>\n<!-- #tablepress-21 from cache -->[\/vc_column_text][vc_empty_space height=&#8220;20px&#8220;][vc_empty_space height=&#8220;20px&#8220;][\/vc_column][\/vc_row][vc_row content_width=&#8220;grid&#8220; content_aligment=&#8220;center&#8220; css=&#8220;.vc_custom_1469609246762{background-color: #1e73be !important;}&#8220;][vc_column][vc_empty_space height=&#8220;74px&#8220;][vc_column_text]<\/p>\n<h2 style=\"color: #ffffff;\">EXTRA-SERVICE:<\/h2>\n<p>[\/vc_column_text][vc_empty_space height=&#8220;54px&#8220;][\/vc_column][\/vc_row][vc_row content_width=&#8220;grid&#8220; css=&#8220;.vc_custom_1469715836786{background-color: #1e73be !important;}&#8220;][vc_column width=&#8220;1\/2&#8243;][vc_column_text]<span style=\"color: #ededed;\"><strong>Fr\u00fchst\u00fcck:<\/strong>\u00a0Sie k\u00f6nnen Ihr kontinentales Fr\u00fchst\u00fcck schon bei der Reservierung vorbuchen oder am Ankunftstag bestellen (das ist m\u00f6glich bis 12.oo Uhr f\u00fcr den kommenden Morgen).<\/span><br \/>\n<span style=\"color: #ededed;\">Der Preis betr\u00e4gt\u00a0<strong>14,00 Euro<\/strong> f\u00fcr die Erwachsene,<strong> 7,00 Euro<\/strong>\u00a0f\u00fcr Kinder von 3 bis 6 Jahre, kostenlos unter 3 Jahre.<\/span><br \/>\n<span style=\"color: #ededed;\">Fr\u00fchst\u00fcckssaal ist t\u00e4glich von 8.00 bis 10.00 Uhr ge\u00f6ffnet.<\/span><br \/>\n<span style=\"color: #ededed;\">Wenn Sie\u00a0 vorreservieren bekommen Sie 7 x Fr\u00fchst\u00fcck zum Preis von 6!\u00a0<\/span>[\/vc_column_text][vc_empty_space height=&#8220;54px&#8220;][\/vc_column][vc_column width=&#8220;1\/2&#8243;][vc_column_text]<span style=\"color: #ffffff;\">Kinderbett: <strong>30,00 \u20ac pro Woche<\/strong><br \/>\nFahrradverleih: <strong>5,00 \u20ac pro Tag<\/strong><br \/>\nZus\u00e4tzlicher Garagenstellplatz: <strong>20,00 \u20ac pro Tag<\/strong><br \/>\nLaden von Elektroautos: <strong>0,70 \u20ac pro kWh<\/strong><\/span>[\/vc_column_text][\/vc_column][\/vc_row]<\/p>\n<\/div>","protected":false},"excerpt":{"rendered":"<p>[vc_row content_width=&#8220;grid&#8220; css=&#8220;.vc_custom_1469714203148{background-color: #ffffff !important;}&#8220;][vc_column][vc_empty_space height=&#8220;60px&#8220;][vc_empty_space height=&#8220;60px&#8220;][vc_column_text] Die angegebenen Preise sind Richtpreise und k\u00f6nnen variieren;\u00a0sie gelten pro Wohnung und Woche und sind in Euro. Im Preis inbegriffen: MWS, Reinigung (Kochecke und Geschirr ausgeschlossen), Handt\u00fccher u. Bettw\u00e4sche 1 Wechsel unter der Woche, Internet WIFI Verbindung ,&#8230;<\/p>\n","protected":false},"author":1,"featured_media":0,"parent":0,"menu_order":0,"comment_status":"closed","ping_status":"closed","template":"full-width.php","meta":{"wp_mapbox_gl_js_media":[],"footnotes":""},"class_list":["post-5422","page","type-page","status-publish","hentry"],"_links":{"self":[{"href":"https:\/\/www.bibionepanorama.it\/de\/wp-json\/wp\/v2\/pages\/5422","targetHints":{"allow":["GET"]}}],"collection":[{"href":"https:\/\/www.bibionepanorama.it\/de\/wp-json\/wp\/v2\/pages"}],"about":[{"href":"https:\/\/www.bibionepanorama.it\/de\/wp-json\/wp\/v2\/types\/page"}],"author":[{"embeddable":true,"href":"https:\/\/www.bibionepanorama.it\/de\/wp-json\/wp\/v2\/users\/1"}],"replies":[{"embeddable":true,"href":"https:\/\/www.bibionepanorama.it\/de\/wp-json\/wp\/v2\/comments?post=5422"}],"version-history":[{"count":47,"href":"https:\/\/www.bibionepanorama.it\/de\/wp-json\/wp\/v2\/pages\/5422\/revisions"}],"predecessor-version":[{"id":12579,"href":"https:\/\/www.bibionepanorama.it\/de\/wp-json\/wp\/v2\/pages\/5422\/revisions\/12579"}],"wp:attachment":[{"href":"https:\/\/www.bibionepanorama.it\/de\/wp-json\/wp\/v2\/media?parent=5422"}],"curies":[{"name":"wp","href":"https:\/\/api.w.org\/{rel}","templated":true}]}}