{"id":5416,"date":"2016-08-05T08:49:32","date_gmt":"2016-08-05T08:49:32","guid":{"rendered":"https:\/\/www.bibionepanorama.it\/?page_id=5416&#038;lang=de"},"modified":"2025-07-24T06:42:54","modified_gmt":"2025-07-24T06:42:54","slug":"preiseliste-typ-b","status":"publish","type":"page","link":"https:\/\/www.bibionepanorama.it\/de\/preiseliste-typ-b\/","title":{"rendered":"Preiseliste Typ B"},"content":{"rendered":"<div class=\"wpb-content-wrapper\"><p>[vc_row content_width=&#8220;grid&#8220; css=&#8220;.vc_custom_1469714203148{background-color: #ffffff !important;}&#8220;][vc_column][vc_empty_space height=&#8220;60px&#8220;][vc_empty_space height=&#8220;60px&#8220;][vc_column_text]<strong>Die angegebenen Preise sind Richtpreise und k\u00f6nnen variieren; <\/strong>sie gelten pro Wohnung und Woche und sind in Euro.<br \/>\nIm Preis inbegriffen: MWS, Reinigung (Kochecke und Geschirr ausgeschlossen), Handt\u00fccher u. Bettw\u00e4sche 1 Wechsel unter der Woche, Internet WIFI Verbindung , Klimaanlage, SAT-TV, Waschmaschinen frei zur Benutzung in Gemeinraum, Schwimmbad mit Whirlpool, 1 Strandplatz pro Wohnung (Sonnenschirm mit 2 Liegebetten), 1 Parkplatz in der Tiefgarage pro Wohnung. Hochstuhl f\u00fcr Kinder ist kostenlos.<br \/>\nMindestaufenthalt: 7 Tage in der Zeit von 01\/06 bis 14\/09.<br \/>\nIn der Vor- u. Nachsaison\u00a0 Ank\u00fcnfte und Aufenthalte nach Wunsch. <strong>25% Preisaufschlag<\/strong> <strong>f\u00fcr Kurzaufenthalte bis zu 4 Tagen<\/strong>.<\/p>\n<p><strong>Dienstleistungen gegen Geb\u00fchr:<\/strong> Kontinentales Fr\u00fchst\u00fccksbuffet, Fahrradverleih, Zusatzbetten, Kinderreisebetten und Kinderwagen.[\/vc_column_text][vc_empty_space height=&#8220;44px&#8220;][\/vc_column][\/vc_row][vc_row content_width=&#8220;grid&#8220; css=&#8220;.vc_custom_1469714161700{background-color: #ffffff !important;}&#8220;][vc_column][vc_row_inner][vc_column_inner width=&#8220;1\/2&#8243;][vc_column_text]<\/p>\n<h2>Typ B<\/h2>\n<p>[\/vc_column_text][\/vc_column_inner][vc_column_inner width=&#8220;1\/2&#8243;]<div class=\"edgtf-accordion-holder clearfix edgtf-toggle edgtf-initial \">\n\t<p class=\"clearfix edgtf-title-holder\">\n\t<span class=\"edgtf-tab-title-holder\">\n\t\t<span class=\"edgtf-tab-title-inner\">\n\t\t\t<span class=\"edgtf-tab-title\">\n\t\t\t\tBeschreibung Wohnung\t\t\t<\/span>\n\t\t\t<span class=\"edgtf-accordion-mark\">\n\t\t\t\t<span class=\"edgtf-accordion-mark-icon\">\n\t\t\t\t\t<span class=\"icon_plus\"><\/span>\n\t\t\t\t\t<span class=\"icon_minus-06\"><\/span>\n\t\t\t\t<\/span>\n\t\t\t<\/span>\n\t\t<\/span>\n\t<\/span>\n<\/p>\n<div class=\"edgtf-accordion-content\">\n\t<div class=\"edgtf-accordion-content-inner\">\n\t\t[vc_column_text]<\/p>\n<div class=\"wpb_text_column wpb_content_element \">\n<div class=\"wpb_wrapper\">\n<p><strong>(max 4\/5 Schlafpl\u00e4tze)<br \/>\n<\/strong>Wohnraum, Essecke, Schlafzimmer, Bad, grosser Balkon mit Meerblick, Parkplatz in der Tiefgarage.<\/p>\n<\/div>\n<\/div>\n<p>[\/vc_column_text]\t<\/div>\n<\/div><\/div>[vc_empty_space height=&#8220;20px&#8220;][\/vc_column_inner][\/vc_row_inner][vc_column_text]\n<table id=\"tablepress-15\" class=\"tablepress tablepress-id-15\">\n<thead>\n<tr class=\"row-1\">\n\t<td class=\"column-1\"><\/td><th class=\"column-2\">17\/05 - 23\/05\/2025<\/th><th class=\"column-3\">24\/05 - 27\/06\/2025<\/th><th class=\"column-4\">28\/06 - 11\/07\/2025<\/th><th class=\"column-5\">12\/07 - 25\/07\/2025<\/th><th class=\"column-6\">26\/07 - 01\/08\/2025<\/th><th class=\"column-7\">02\/08 - 22\/08\/2025<\/th><th class=\"column-8\">23\/08 - 29\/08\/2025<\/th><th class=\"column-9\">30\/08 - 05\/09\/2025<\/th><th class=\"column-10\">06\/09 - 12\/09\/2025<\/th><th class=\"column-11\">13\/09 - 04\/10\/2025<\/th>\n<\/tr>\n<\/thead>\n<tbody class=\"row-striping row-hover\">\n<tr class=\"row-2\">\n\t<td class=\"column-1\">Bis zu 3 Pers.<\/td><td class=\"column-2\">            987<\/td><td class=\"column-3\">              1379<\/td><td class=\"column-4\">             1414<\/td><td class=\"column-5\">1547<\/td><td class=\"column-6\">1610<\/td><td class=\"column-7\">1729<\/td><td class=\"column-8\">1729<\/td><td class=\"column-9\">1484<\/td><td class=\"column-10\">1120<\/td><td class=\"column-11\">889<\/td>\n<\/tr>\n<tr class=\"row-3\">\n\t<td class=\"column-1\">Bis zu 4 Pers.<\/td><td class=\"column-2\">  1127<\/td><td class=\"column-3\">1491<\/td><td class=\"column-4\">1596<\/td><td class=\"column-5\">1729<\/td><td class=\"column-6\">1799<\/td><td class=\"column-7\">1925<\/td><td class=\"column-8\">1883<\/td><td class=\"column-9\">1638<\/td><td class=\"column-10\">1274<\/td><td class=\"column-11\">1036<\/td>\n<\/tr>\n<tr class=\"row-4\">\n\t<td class=\"column-1\">Bis zu 5 Pers.<\/td><td class=\"column-2\">1232<\/td><td class=\"column-3\">1591<\/td><td class=\"column-4\">1743<\/td><td class=\"column-5\">1876<\/td><td class=\"column-6\">1946<\/td><td class=\"column-7\">2107<\/td><td class=\"column-8\">1983<\/td><td class=\"column-9\">1738<\/td><td class=\"column-10\">1393<\/td><td class=\"column-11\">1141<\/td>\n<\/tr>\n<\/tbody>\n<\/table>\n<!-- #tablepress-15 from cache -->[\/vc_column_text][vc_empty_space height=&#8220;20px&#8220;][vc_row_inner][vc_column_inner width=&#8220;1\/2&#8243;][vc_column_text]<\/p>\n<h2>Tipo BL<\/h2>\n<p>[\/vc_column_text][\/vc_column_inner][vc_column_inner width=&#8220;1\/2&#8243;]<div class=\"edgtf-accordion-holder clearfix edgtf-toggle edgtf-initial \">\n\t<p class=\"clearfix edgtf-title-holder\">\n\t<span class=\"edgtf-tab-title-holder\">\n\t\t<span class=\"edgtf-tab-title-inner\">\n\t\t\t<span class=\"edgtf-tab-title\">\n\t\t\t\tBeschreibung Wohnung\t\t\t<\/span>\n\t\t\t<span class=\"edgtf-accordion-mark\">\n\t\t\t\t<span class=\"edgtf-accordion-mark-icon\">\n\t\t\t\t\t<span class=\"icon_plus\"><\/span>\n\t\t\t\t\t<span class=\"icon_minus-06\"><\/span>\n\t\t\t\t<\/span>\n\t\t\t<\/span>\n\t\t<\/span>\n\t<\/span>\n<\/p>\n<div class=\"edgtf-accordion-content\">\n\t<div class=\"edgtf-accordion-content-inner\">\n\t\t[vc_column_text]<\/p>\n<div class=\"wpb_text_column wpb_content_element \">\n<div class=\"wpb_wrapper\">\n<p><strong>Lux (max 4\/5 Schlafpl\u00e4tze)<\/strong><br \/>\nDie Wohnungen im 4. und 5. Stock verf\u00fcgen \u00fcber einen 2. SAT Flachbild TV im Schlafzimmer, Sp\u00fclmaschine und 2 Fahrr\u00e4der kostelos zu benutzen.<\/p>\n<\/div>\n<\/div>\n<p>[\/vc_column_text]\t<\/div>\n<\/div><\/div>[vc_empty_space height=&#8220;20px&#8220;][\/vc_column_inner][\/vc_row_inner][vc_column_text]\n<table id=\"tablepress-16\" class=\"tablepress tablepress-id-16\">\n<thead>\n<tr class=\"row-1\">\n\t<td class=\"column-1\"><\/td><th class=\"column-2\">17\/05 - 23\/05\/2025<\/th><th class=\"column-3\">24\/05 - 27\/06\/2025<\/th><th class=\"column-4\">28\/06 - 11\/07\/2025<\/th><th class=\"column-5\">12\/07 - 25\/07\/2025<\/th><th class=\"column-6\">26\/07 - 01\/08\/2025<\/th><th class=\"column-7\">02\/08 - 22\/08\/2025<\/th><th class=\"column-8\">23\/08 - 29\/08\/2025<\/th><th class=\"column-9\">30\/08 - 05\/09\/2025<\/th><th class=\"column-10\">06\/09 - 12\/09\/2025<\/th><th class=\"column-11\">13\/09 - 04\/10\/2025<\/th>\n<\/tr>\n<\/thead>\n<tbody class=\"row-striping row-hover\">\n<tr class=\"row-2\">\n\t<td class=\"column-1\">Bis zu 3 Pers.<\/td><td class=\"column-2\">         1162<\/td><td class=\"column-3\">1561<\/td><td class=\"column-4\">1603<\/td><td class=\"column-5\">1715<\/td><td class=\"column-6\">1806<\/td><td class=\"column-7\">1934<\/td><td class=\"column-8\">1939<\/td><td class=\"column-9\"> 1673<\/td><td class=\"column-10\">1302<\/td><td class=\"column-11\">1050<\/td>\n<\/tr>\n<tr class=\"row-3\">\n\t<td class=\"column-1\">Bis zu 4 Pers.<\/td><td class=\"column-2\">         1302<\/td><td class=\"column-3\">1673<\/td><td class=\"column-4\">1792<\/td><td class=\"column-5\">1897<\/td><td class=\"column-6\">1995<\/td><td class=\"column-7\">2128<\/td><td class=\"column-8\">2093<\/td><td class=\"column-9\">1827<\/td><td class=\"column-10\">1456<\/td><td class=\"column-11\">1190<\/td>\n<\/tr>\n<tr class=\"row-4\">\n\t<td class=\"column-1\">Bis zu 5 Pers.<\/td><td class=\"column-2\">         1414<\/td><td class=\"column-3\">1773<\/td><td class=\"column-4\">1939<\/td><td class=\"column-5\">2044<\/td><td class=\"column-6\">2142<\/td><td class=\"column-7\">2310<\/td><td class=\"column-8\">2193<\/td><td class=\"column-9\">1927<\/td><td class=\"column-10\">1568<\/td><td class=\"column-11\">1302<\/td>\n<\/tr>\n<\/tbody>\n<\/table>\n<!-- #tablepress-16 from cache -->[\/vc_column_text][vc_empty_space height=&#8220;20px&#8220;][vc_row_inner][vc_column_inner width=&#8220;1\/2&#8243;][vc_column_text]<\/p>\n<h2>Tipo BLL<\/h2>\n<p>[\/vc_column_text][\/vc_column_inner][vc_column_inner width=&#8220;1\/2&#8243;]<div class=\"edgtf-accordion-holder clearfix edgtf-toggle edgtf-initial \">\n\t<p class=\"clearfix edgtf-title-holder\">\n\t<span class=\"edgtf-tab-title-holder\">\n\t\t<span class=\"edgtf-tab-title-inner\">\n\t\t\t<span class=\"edgtf-tab-title\">\n\t\t\t\tBeschreibung Wohnung\t\t\t<\/span>\n\t\t\t<span class=\"edgtf-accordion-mark\">\n\t\t\t\t<span class=\"edgtf-accordion-mark-icon\">\n\t\t\t\t\t<span class=\"icon_plus\"><\/span>\n\t\t\t\t\t<span class=\"icon_minus-06\"><\/span>\n\t\t\t\t<\/span>\n\t\t\t<\/span>\n\t\t<\/span>\n\t<\/span>\n<\/p>\n<div class=\"edgtf-accordion-content\">\n\t<div class=\"edgtf-accordion-content-inner\">\n\t\t[vc_column_text]<\/p>\n<div class=\"wpb_text_column wpb_content_element \">\n<div class=\"wpb_wrapper\">\n<p>Zweizimmerwohnungen im f\u00fcnften Stock mit einem atemberaubenden Panoramablick.<\/p>\n<p>Zus\u00e4tzlich zu der L Leistungen, reservieren wir Ihnen den Strandplatz mit Sonnenschirm und Liegen in der ersten oder zweiten Reihe vorne und wir bringen Ihnen Ihre Lieblingszeitung jeden Morgen auf das Zimmer.<\/p>\n<\/div>\n<\/div>\n<p>[\/vc_column_text]\t<\/div>\n<\/div><\/div>[vc_empty_space height=&#8220;20px&#8220;][\/vc_column_inner][\/vc_row_inner][vc_column_text]\n<table id=\"tablepress-17\" class=\"tablepress tablepress-id-17\">\n<thead>\n<tr class=\"row-1\">\n\t<td class=\"column-1\"><\/td><th class=\"column-2\">17\/05 - 23\/05\/2025<\/th><th class=\"column-3\">24\/05 - 27\/06\/2025<\/th><th class=\"column-4\">28\/06 - 11\/07\/2025<\/th><th class=\"column-5\">12\/07 - 25\/07\/2025<\/th><th class=\"column-6\">26\/07 - 01\/08\/2025<\/th><th class=\"column-7\">02\/08 - 22\/08\/2025<\/th><th class=\"column-8\">23\/08 - 29\/08\/2025<\/th><th class=\"column-9\">30\/08 - 05\/09\/2025<\/th><th class=\"column-10\">06\/09 - 12\/09\/2025<\/th><th class=\"column-11\">13\/09 - 04\/10\/2025<\/th>\n<\/tr>\n<\/thead>\n<tbody class=\"row-striping row-hover\">\n<tr class=\"row-2\">\n\t<td class=\"column-1\">Bis zu 3 Pers.<\/td><td class=\"column-2\">1267<\/td><td class=\"column-3\">1694<\/td><td class=\"column-4\">1736<\/td><td class=\"column-5\">1869<\/td><td class=\"column-6\">1946<\/td><td class=\"column-7\">2065<\/td><td class=\"column-8\">2065<\/td><td class=\"column-9\">1813<\/td><td class=\"column-10\">1414<\/td><td class=\"column-11\">1127<\/td>\n<\/tr>\n<tr class=\"row-3\">\n\t<td class=\"column-1\">Bis zu 4 Pers.<\/td><td class=\"column-2\">1407<\/td><td class=\"column-3\">1799<\/td><td class=\"column-4\">1918<\/td><td class=\"column-5\">2051<\/td><td class=\"column-6\">2128<\/td><td class=\"column-7\">2275<\/td><td class=\"column-8\">2219<\/td><td class=\"column-9\">1967<\/td><td class=\"column-10\">1568<\/td><td class=\"column-11\">1274<\/td>\n<\/tr>\n<tr class=\"row-4\">\n\t<td class=\"column-1\">Bis zu 5 Pers.<\/td><td class=\"column-2\">1512<\/td><td class=\"column-3\">1899<\/td><td class=\"column-4\">2065<\/td><td class=\"column-5\">2198<\/td><td class=\"column-6\">2275<\/td><td class=\"column-7\">2457<\/td><td class=\"column-8\">2319<\/td><td class=\"column-9\">2067<\/td><td class=\"column-10\">1680<\/td><td class=\"column-11\">1379<\/td>\n<\/tr>\n<\/tbody>\n<\/table>\n<!-- #tablepress-17 from cache -->[\/vc_column_text][vc_empty_space height=&#8220;20px&#8220;][vc_row_inner][vc_column_inner width=&#8220;1\/2&#8243;][vc_column_text]<\/p>\n<h2>Tipo BH<\/h2>\n<p>[\/vc_column_text][\/vc_column_inner][vc_column_inner width=&#8220;1\/2&#8243;]<div class=\"edgtf-accordion-holder clearfix edgtf-toggle edgtf-initial \">\n\t<p class=\"clearfix edgtf-title-holder\">\n\t<span class=\"edgtf-tab-title-holder\">\n\t\t<span class=\"edgtf-tab-title-inner\">\n\t\t\t<span class=\"edgtf-tab-title\">\n\t\t\t\tBeschreibung Wohnung\t\t\t<\/span>\n\t\t\t<span class=\"edgtf-accordion-mark\">\n\t\t\t\t<span class=\"edgtf-accordion-mark-icon\">\n\t\t\t\t\t<span class=\"icon_plus\"><\/span>\n\t\t\t\t\t<span class=\"icon_minus-06\"><\/span>\n\t\t\t\t<\/span>\n\t\t\t<\/span>\n\t\t<\/span>\n\t<\/span>\n<\/p>\n<div class=\"edgtf-accordion-content\">\n\t<div class=\"edgtf-accordion-content-inner\">\n\t\t[vc_column_text]<\/p>\n<div class=\"wpb_text_column wpb_content_element \">\n<div class=\"wpb_wrapper\">\n<p>Zweizimmerwohnung speziell ausgestattet f\u00fcr Behinderte um maximalen Komfort und Zug\u00e4nglichkeit zu allen R\u00e4umen zu erm\u00f6glichen.<\/p>\n<\/div>\n<\/div>\n<p>[\/vc_column_text]\t<\/div>\n<\/div><\/div>[vc_empty_space height=&#8220;20px&#8220;][\/vc_column_inner][\/vc_row_inner][vc_column_text]\n<table id=\"tablepress-18\" class=\"tablepress tablepress-id-18\">\n<thead>\n<tr class=\"row-1\">\n\t<td class=\"column-1\"><\/td><th class=\"column-2\">17\/05 - 23\/05\/2025<\/th><th class=\"column-3\">24\/05 - 27\/06\/2025<\/th><th class=\"column-4\">28\/06 - 11\/07\/2025<\/th><th class=\"column-5\">12\/07 - 25\/07\/2025<\/th><th class=\"column-6\">26\/07 - 01\/08\/2025<\/th><th class=\"column-7\">02\/08 - 22\/08\/2025<\/th><th class=\"column-8\">23\/08 - 29\/08\/2025<\/th><th class=\"column-9\">30\/08 - 05\/09\/2025<\/th><th class=\"column-10\">06\/09 - 12\/09\/2025<\/th><th class=\"column-11\">13\/09 - 04\/10\/2025<\/th>\n<\/tr>\n<\/thead>\n<tbody class=\"row-striping row-hover\">\n<tr class=\"row-2\">\n\t<td class=\"column-1\">Bis zu 3 Pers.<\/td><td class=\"column-2\">938<\/td><td class=\"column-3\">1316<\/td><td class=\"column-4\">1344<\/td><td class=\"column-5\">1463<\/td><td class=\"column-6\">1533<\/td><td class=\"column-7\">1652<\/td><td class=\"column-8\">1652<\/td><td class=\"column-9\">1421<\/td><td class=\"column-10\">1064<\/td><td class=\"column-11\">847<\/td>\n<\/tr>\n<tr class=\"row-3\">\n\t<td class=\"column-1\">Bis zu 4 Pers.<\/td><td class=\"column-2\">1078<\/td><td class=\"column-3\">1456<\/td><td class=\"column-4\">1526<\/td><td class=\"column-5\">1652<\/td><td class=\"column-6\">1715<\/td><td class=\"column-7\">1852<\/td><td class=\"column-8\">1852<\/td><td class=\"column-9\">1621<\/td><td class=\"column-10\">1218<\/td><td class=\"column-11\">994<\/td>\n<\/tr>\n<\/tbody>\n<\/table>\n<!-- #tablepress-18 from cache -->[\/vc_column_text][vc_empty_space height=&#8220;20px&#8220;][\/vc_column][\/vc_row][vc_row content_width=&#8220;grid&#8220; content_aligment=&#8220;center&#8220; css=&#8220;.vc_custom_1469609246762{background-color: #1e73be !important;}&#8220;][vc_column][vc_empty_space height=&#8220;74px&#8220;][vc_column_text]<\/p>\n<h2 style=\"color: #ffffff;\">EXTRA-SERVICE:<\/h2>\n<p>[\/vc_column_text][vc_empty_space height=&#8220;54px&#8220;][\/vc_column][\/vc_row][vc_row content_width=&#8220;grid&#8220; css=&#8220;.vc_custom_1469715836786{background-color: #1e73be !important;}&#8220;][vc_column width=&#8220;1\/2&#8243;][vc_column_text]<span style=\"color: #ededed;\"><strong>Fr\u00fchst\u00fcck:<\/strong>\u00a0Sie k\u00f6nnen Ihr kontinentales Fr\u00fchst\u00fcck bereits bei der Reservierung vorbuchen oder am Ankunftstag bestellen (das ist m\u00f6glich bis 12.oo Uhr f\u00fcr den n\u00e4chsten Morgen).<\/span><br \/>\n<span style=\"color: #ededed;\">Der Preis betr\u00e4gt <strong>14,00 Euro<\/strong> f\u00fcr Erwachsene, <strong>7,00 Euro<\/strong>\u00a0f\u00fcr Kinder von 3 bis 6 Jahren, kostenlos unter 3 Jahren.<\/span><br \/>\n<span style=\"color: #ededed;\">Der Fr\u00fchst\u00fcckssaal ist von 8.00 bis 10.00 Uhr ge\u00f6ffnet.<\/span><br \/>\n<span style=\"color: #ededed;\">Wenn Sie\u00a0 vorreservieren, erhalten Sie\u00a07 x Fr\u00fchst\u00fcck zum Preis von 6!<\/span>[\/vc_column_text][vc_empty_space height=&#8220;54px&#8220;][\/vc_column][vc_column width=&#8220;1\/2&#8243;][vc_column_text]<span style=\"color: #ffffff;\">Kinderbett: <strong>30,00 \u20ac pro Woche<\/strong><br \/>\nFahrradverleih: <strong>5,00 \u20ac pro Tag<\/strong><br \/>\nZus\u00e4tzlicher Garagenstellplatz: <strong>20,00 \u20ac pro Tag<\/strong><br \/>\nLaden von Elektroautos: <strong>0,70 \u20ac pro kWh<\/strong><\/span>[\/vc_column_text][\/vc_column][\/vc_row]<\/p>\n<\/div>","protected":false},"excerpt":{"rendered":"<p>[vc_row content_width=&#8220;grid&#8220; css=&#8220;.vc_custom_1469714203148{background-color: #ffffff !important;}&#8220;][vc_column][vc_empty_space height=&#8220;60px&#8220;][vc_empty_space height=&#8220;60px&#8220;][vc_column_text]Die angegebenen Preise sind Richtpreise und k\u00f6nnen variieren; sie gelten pro Wohnung und Woche und sind in Euro. Im Preis inbegriffen: MWS, Reinigung (Kochecke und Geschirr ausgeschlossen), Handt\u00fccher u. Bettw\u00e4sche 1 Wechsel unter der Woche, Internet WIFI Verbindung ,&#8230;<\/p>\n","protected":false},"author":1,"featured_media":0,"parent":0,"menu_order":0,"comment_status":"closed","ping_status":"closed","template":"full-width.php","meta":{"wp_mapbox_gl_js_media":[],"footnotes":""},"class_list":["post-5416","page","type-page","status-publish","hentry"],"_links":{"self":[{"href":"https:\/\/www.bibionepanorama.it\/de\/wp-json\/wp\/v2\/pages\/5416","targetHints":{"allow":["GET"]}}],"collection":[{"href":"https:\/\/www.bibionepanorama.it\/de\/wp-json\/wp\/v2\/pages"}],"about":[{"href":"https:\/\/www.bibionepanorama.it\/de\/wp-json\/wp\/v2\/types\/page"}],"author":[{"embeddable":true,"href":"https:\/\/www.bibionepanorama.it\/de\/wp-json\/wp\/v2\/users\/1"}],"replies":[{"embeddable":true,"href":"https:\/\/www.bibionepanorama.it\/de\/wp-json\/wp\/v2\/comments?post=5416"}],"version-history":[{"count":45,"href":"https:\/\/www.bibionepanorama.it\/de\/wp-json\/wp\/v2\/pages\/5416\/revisions"}],"predecessor-version":[{"id":12580,"href":"https:\/\/www.bibionepanorama.it\/de\/wp-json\/wp\/v2\/pages\/5416\/revisions\/12580"}],"wp:attachment":[{"href":"https:\/\/www.bibionepanorama.it\/de\/wp-json\/wp\/v2\/media?parent=5416"}],"curies":[{"name":"wp","href":"https:\/\/api.w.org\/{rel}","templated":true}]}}