{"id":5410,"date":"2016-08-05T08:23:57","date_gmt":"2016-08-05T08:23:57","guid":{"rendered":"https:\/\/www.bibionepanorama.it\/?page_id=5410&#038;lang=de"},"modified":"2025-07-22T15:46:09","modified_gmt":"2025-07-22T15:46:09","slug":"ihr-urlaub-in-bibione","status":"publish","type":"page","link":"https:\/\/www.bibionepanorama.it\/de\/ihr-urlaub-in-bibione\/","title":{"rendered":"Ihr Urlaub in Bibione"},"content":{"rendered":"<div class=\"wpb-content-wrapper\"><p>[vc_row content_width=&#8220;grid&#8220; css=&#8220;.vc_custom_1459342558588{padding-top: 140px !important;padding-bottom: 80px !important;}&#8220;][vc_column css=&#8220;.vc_custom_1459760007455{padding-right: 3% !important;}&#8220; offset=&#8220;vc_col-lg-6 vc_col-md-12&#8243;][vc_single_image image=&#8220;5169&#8243; img_size=&#8220;full&#8220; alignment=&#8220;right&#8220;][vc_empty_space height=&#8220;60px&#8220;][\/vc_column][vc_column css=&#8220;.vc_custom_1459760013485{padding-right: 9% !important;padding-left: 3% !important;}&#8220; offset=&#8220;vc_col-lg-6 vc_col-md-12&#8243;][vc_column_text]<\/p>\n<h1>Bibione, Perle der Adria<\/h1>\n<p>[\/vc_column_text][vc_empty_space height=&#8220;24px&#8220;][vc_column_text]Mit seinem acht Kilometer langen und 300 bis 400 Meter breiten Strand, der Tausende von Menschen aus Italien und ganz Europa anzieht, seinem feinen, goldenen Sand und den leuchtenden Farben seiner Sonnenschirme ist Bibione zweifellos eine der Perlen des Sommertourismus.<\/p>\n<p>Bibione liegt an der n\u00f6rdlichen Adria zwischen Venedig und Triest und ist Italiens zweitmeistbesuchter Strand (ca. 6 Millionen Besucher). Er zeichnet sich durch ein Gleichgewicht zwischen Natur und Menschlichkeit, Tradition und Moderne aus.<\/p>\n<p>Zu den zahlreichen Naturattraktionen z\u00e4hlen der Leuchtturm mit seinem Pinienwald und das Valgrande-Tal, die beide zu Fu\u00df oder mit dem Fahrrad erreichbar sind.<\/p>\n<p>Bibione zeichnet sich durch seine unber\u00fchrte Natur mit einer einzigartigen Flora und Fauna an der n\u00f6rdlichen Adria aus. Sein breites Angebot an Unterk\u00fcnften macht es zudem zu einem der wettbewerbsf\u00e4higsten in der europ\u00e4ischen und globalen Tourismuslandschaft.<\/p>\n<p>Bibione wird seit vielen Jahren von der Stiftung f\u00fcr Umwelterziehung (FEEE) mit der <strong>Blauen Flagge<\/strong> ausgezeichnet. Es war der erste Touristenort in Europa, der die <strong>EMAS-Umweltzertifizierung<\/strong> erhielt.[\/vc_column_text][\/vc_column][\/vc_row][vc_row content_width=&#8220;grid&#8220; css=&#8220;.vc_custom_1459342558588{padding-top: 140px !important;padding-bottom: 80px !important;}&#8220;][vc_column css=&#8220;.vc_custom_1459760007455{padding-right: 3% !important;}&#8220; offset=&#8220;vc_col-lg-6 vc_col-md-12&#8243;][vc_column_text]<\/p>\n<h1>Bibione Wellness<\/h1>\n<p>[\/vc_column_text][vc_empty_space height=&#8220;24px&#8220;][vc_column_text]Wer seinen Urlaub mit der Erholung und dem Wiedererlangen seiner Fitness verbringen m\u00f6chte, findet seit 1996 ein dem staatlichen Gesundheitsdienst angeschlossenes Wellnesscenter.<\/p>\n<p>Das Bibione Thermae Spa, eingebettet in einen alten Pinienwald, nutzt die therapeutischen Eigenschaften des Thermalwassers aus dem Hinterland, um K\u00f6rper und Geist zu heilen.<\/p>\n<p>Das ganzj\u00e4hrig ge\u00f6ffnete Spa ist der ideale Ort zum Entspannen oder f\u00fcr geselliges Beisammensein, um die passenden Behandlungen f\u00fcr Ihre Gesundheit zu w\u00e4hlen und sich von erfahrenen H\u00e4nden verw\u00f6hnen zu lassen.<\/p>\n<p>Das Wasser ist als hyperthermisch-alkalisch-natriumbikarbonat-fluorid klassifiziert. Seine Eigenschaften und die therapeutische Wirksamkeit der Behandlungen im Bibione Spa wurden vom Gesundheitsministerium anerkannt.[\/vc_column_text][vc_empty_space height=&#8220;44px&#8220;][\/vc_column][vc_column css=&#8220;.vc_custom_1459760013485{padding-right: 9% !important;padding-left: 3% !important;}&#8220; offset=&#8220;vc_col-lg-6 vc_col-md-12&#8243;][vc_single_image image=&#8220;5163&#8243; img_size=&#8220;full&#8220; alignment=&#8220;right&#8220;][vc_empty_space height=&#8220;60px&#8220;][\/vc_column][\/vc_row]<\/p>\n<\/div>","protected":false},"excerpt":{"rendered":"<p>[vc_row content_width=&#8220;grid&#8220; css=&#8220;.vc_custom_1459342558588{padding-top: 140px !important;padding-bottom: 80px !important;}&#8220;][vc_column css=&#8220;.vc_custom_1459760007455{padding-right: 3% !important;}&#8220; offset=&#8220;vc_col-lg-6 vc_col-md-12&#8243;][vc_single_image image=&#8220;5169&#8243; img_size=&#8220;full&#8220; alignment=&#8220;right&#8220;][vc_empty_space height=&#8220;60px&#8220;][\/vc_column][vc_column css=&#8220;.vc_custom_1459760013485{padding-right: 9% !important;padding-left: 3% !important;}&#8220; offset=&#8220;vc_col-lg-6 vc_col-md-12&#8243;][vc_column_text] Bibione, Perle der Adria [\/vc_column_text][vc_empty_space height=&#8220;24px&#8220;][vc_column_text]Mit seinem acht Kilometer langen und 300 bis 400 Meter breiten Strand, der Tausende von Menschen aus&#8230;<\/p>\n","protected":false},"author":1,"featured_media":0,"parent":0,"menu_order":0,"comment_status":"closed","ping_status":"closed","template":"full-width.php","meta":{"wp_mapbox_gl_js_media":[],"footnotes":""},"class_list":["post-5410","page","type-page","status-publish","hentry"],"_links":{"self":[{"href":"https:\/\/www.bibionepanorama.it\/de\/wp-json\/wp\/v2\/pages\/5410","targetHints":{"allow":["GET"]}}],"collection":[{"href":"https:\/\/www.bibionepanorama.it\/de\/wp-json\/wp\/v2\/pages"}],"about":[{"href":"https:\/\/www.bibionepanorama.it\/de\/wp-json\/wp\/v2\/types\/page"}],"author":[{"embeddable":true,"href":"https:\/\/www.bibionepanorama.it\/de\/wp-json\/wp\/v2\/users\/1"}],"replies":[{"embeddable":true,"href":"https:\/\/www.bibionepanorama.it\/de\/wp-json\/wp\/v2\/comments?post=5410"}],"version-history":[{"count":5,"href":"https:\/\/www.bibionepanorama.it\/de\/wp-json\/wp\/v2\/pages\/5410\/revisions"}],"predecessor-version":[{"id":12569,"href":"https:\/\/www.bibionepanorama.it\/de\/wp-json\/wp\/v2\/pages\/5410\/revisions\/12569"}],"wp:attachment":[{"href":"https:\/\/www.bibionepanorama.it\/de\/wp-json\/wp\/v2\/media?parent=5410"}],"curies":[{"name":"wp","href":"https:\/\/api.w.org\/{rel}","templated":true}]}}