{"id":5406,"date":"2016-08-05T08:10:28","date_gmt":"2016-08-05T08:10:28","guid":{"rendered":"https:\/\/www.bibionepanorama.it\/?page_id=5406&#038;lang=de"},"modified":"2026-01-15T11:30:30","modified_gmt":"2026-01-15T11:30:30","slug":"alle-wohnungen-mit-meerblick","status":"publish","type":"page","link":"https:\/\/www.bibionepanorama.it\/de\/alle-wohnungen-mit-meerblick\/","title":{"rendered":"Alle Wohnungen mit Meerblick"},"content":{"rendered":"<div class=\"wpb-content-wrapper\"><p>[vc_row content_width=&#8220;grid&#8220; css=&#8220;.vc_custom_1750171590420{padding-top: 140px !important;padding-bottom: 50px !important;}&#8220;][vc_column css=&#8220;.vc_custom_1459760007455{padding-right: 3% !important;}&#8220; offset=&#8220;vc_col-lg-6 vc_col-md-12&#8243;][vc_single_image image=&#8220;12080&#8243; img_size=&#8220;large&#8220;][vc_empty_space height=&#8220;60px&#8220;][\/vc_column][vc_column css=&#8220;.vc_custom_1459760013485{padding-right: 9% !important;padding-left: 3% !important;}&#8220; offset=&#8220;vc_col-lg-6 vc_col-md-12&#8243;][vc_column_text]<\/p>\n<h1>Suiten und Apartments mit Meerblick<\/h1>\n<p>[\/vc_column_text][vc_empty_space height=&#8220;24px&#8220;][vc_column_text]<\/p>\n<p data-start=\"79\" data-end=\"685\">Die elegant eingerichteten und sorgf\u00e4ltig gepflegten <strong>Bibione Panorama Apartments<\/strong> bieten ein <strong>edles Ambiente<\/strong> mit jeglichem Komfort.<\/p>\n<p>Jedes Apartment ist <strong>klimatisiert<\/strong>, verf\u00fcgt \u00fcber Klimaanlagen in jedem Zimmer und einen <strong>LED-Fernseher<\/strong> mit Satellitenempfang. Die K\u00fcchenzeile ist komplett ausgestattet mit Cerankochfeld, Mikrowelle, 240-Liter-K\u00fchlschrank und Wasserkocher. Ein praktischer Safe f\u00fcr Ihre pers\u00f6nlichen Gegenst\u00e4nde steht ebenfalls zur Verf\u00fcgung.<\/p>\n<p>Alle unsere gro\u00dfz\u00fcgigen <strong>Meerblickterrassen<\/strong> mit Blick auf den Strand bieten <strong>zauberhafte Ausblicke und Momente purer Entspannung.<\/strong><\/p>\n<p>[\/vc_column_text][vc_empty_space height=&#8220;44px&#8220;][\/vc_column][\/vc_row][vc_row content_width=&#8220;grid&#8220; css=&#8220;.vc_custom_1459412941063{padding-top: 100px !important;padding-bottom: 132px !important;}&#8220;][vc_column offset=&#8220;vc_col-lg-4 vc_col-md-12&#8243;][vc_empty_space height=&#8220;10px&#8220;][vc_column_text]<\/p>\n<h2>Inklusivleistungen<\/h2>\n<p>[\/vc_column_text][vc_empty_space height=&#8220;60px&#8220;][vc_column_text]<strong>Die luxuri\u00f6s eingerichteten Apartments bieten jeglichen Komfort:<\/strong><\/p>\n<ul>\n<li>Klimaanlage in jedem Zimmer<\/li>\n<li>LED-Sat-TV<\/li>\n<li>Voll ausgestattete K\u00fcchenzeile<\/li>\n<li>Safe<\/li>\n<li>Wundersch\u00f6ne und ger\u00e4umige Terrassen mit Meerblick<\/li>\n<\/ul>\n<p>[\/vc_column_text][vc_empty_space height=&#8220;33px&#8220;][vc_column_text]<strong>Im Preis inbegriffen:<\/strong><\/p>\n<ul>\n<li>T\u00e4gliche Reinigung und Endreinigung<\/li>\n<li>Bettw\u00e4sche und Handt\u00fccher<\/li>\n<li>WLAN-Internetzugang<\/li>\n<li>Waschmaschinen stehen in einem separaten Raum zur Verf\u00fcgung Zimmer<\/li>\n<li>Strandplatz (Sonnenschirm und zwei Liegen)<\/li>\n<li>1 Parkplatz auf dem internen Parkplatz<\/li>\n<\/ul>\n<p>[\/vc_column_text][vc_empty_space height=&#8220;65px&#8220;][\/vc_column][vc_column offset=&#8220;vc_col-lg-8 vc_col-md-12&#8243;]<div class=\"edgtf-elements-holder edgtf-responsive-mode-768\" ><div class=\"edgtf-elements-holder-item \"  >\n\t<div class=\"edgtf-elements-holder-item-inner\">\n\t\t<div class=\"edgtf-elements-holder-item-content edgtf-elements-holder-custom-609519\" style=\"padding: 0% 0% 0% 15%\">\n\t\t\t\t\t\t<style type=\"text\/css\" data-type=\"edgtf-elements-custom-padding\" scoped>\n\n\t\t\t\t\t\t\t\t@media only screen and (min-width: 1280px) and (max-width: 1439px) {\n\t\t\t\t\t.edgtf-elements-holder .edgtf-elements-holder-item-content.edgtf-elements-holder-custom-609519 {\n\t\t\t\t\t\tpadding:  !important;\n\t\t\t\t\t}\n\t\t\t\t}\n\t\t\t\t\t\t\t\t\t\t\t\t\t@media only screen and (min-width: 1024px) and (max-width: 1280px) {\n\t\t\t\t\t\t.edgtf-elements-holder .edgtf-elements-holder-item-content.edgtf-elements-holder-custom-609519 {\n\t\t\t\t\t\t\tpadding: 7% !important;\n\t\t\t\t\t\t}\n\t\t\t\t\t}\n\t\t\t\t\t\t\t\t\t\t\t\t@media only screen and (min-width: 768px) and (max-width: 1024px) {\n\t\t\t\t\t.edgtf-elements-holder .edgtf-elements-holder-item-content.edgtf-elements-holder-custom-609519 {\n\t\t\t\t\t\tpadding: 8% !important;\n\t\t\t\t\t}\n\t\t\t\t}\n\t\t\t\t\t\t\t\t\t\t\t\t@media only screen and (min-width: 600px) and (max-width: 768px) {\n\t\t\t\t\t.edgtf-elements-holder .edgtf-elements-holder-item-content.edgtf-elements-holder-custom-609519 {\n\t\t\t\t\t\tpadding: 4% !important;\n\t\t\t\t\t}\n\t\t\t\t}\n\t\t\t\t\t\t\t\t\t\t\t\t@media only screen and (min-width: 480px) and (max-width: 600px) {\n\t\t\t\t\t.edgtf-elements-holder .edgtf-elements-holder-item-content.edgtf-elements-holder-custom-609519 {\n\t\t\t\t\t\tpadding: 0% !important;\n\t\t\t\t\t}\n\t\t\t\t}\n\t\t\t\t\t\t\t\t\t\t\t\t@media only screen and (max-width: 480px) {\n\t\t\t\t\t.edgtf-elements-holder .edgtf-elements-holder-item-content.edgtf-elements-holder-custom-609519 {\n\t\t\t\t\t\tpadding: 0% !important;\n\t\t\t\t\t}\n\t\t\t\t}\n\t\t\t\t\t\t\t\t<\/style>\n\t\t\t\t\t\t<div class=\"edgtf-int-icon-showcase edgtf-autoplay\"data-interval=\"3000\"><div class=\"edgtf-int-icon-showcase-inner\"><div class=\"edgtf-showcase-item-holder\">\n\t<div class=\"edgtf-showcase-icon\">\n\t\t\n    <span class=\"edgtf-icon-shortcode circle \"  >\n        \n        <i class=\"edgtf-icon-linea-icon icon-weather-windgust edgtf-icon-element\" style=\"\" ><\/i>\n            <\/span>\n\n\t<\/div>\n\t<div class=\"edgtf-showcase-content\">\n\t\t<div class=\"edgtf-showcase-content-table\">\n\t\t\t<div class=\"edgtf-showcase-content-cell\">\n\t\t\t\t\n<p class=\"edgtf-section-subtitle\" style=\"text-align:center\">\n\tImmer k\u00fchl<\/p>\t\t\t\t\t\t\t\t\t<h4>Klima in jedem Raum<\/h4>\n\t\t\t\t\t\t\t\t\t\t\t\t\t<div class=\"edgtf-showcase-content-inner\">\n\t\t\t\t\t\tJeder Das Zimmer ist mit einer regulierbaren Klimaanlage ausgestattet, die ein angenehmes, frisches Raumklima f\u00fcr jeden Bedarf gew\u00e4hrleistet. \t\t\t\t\t<\/div>\n\t\t\t\t\t\t\t<\/div>\n\t\t<\/div>\n\t<\/div>\n<\/div><div class=\"edgtf-showcase-item-holder\">\n\t<div class=\"edgtf-showcase-icon\">\n\t\t\n    <span class=\"edgtf-icon-shortcode circle \"  >\n        \n        <i class=\"edgtf-icon-linea-icon icon-basic-rss edgtf-icon-element\" style=\"\" ><\/i>\n            <\/span>\n\n\t<\/div>\n\t<div class=\"edgtf-showcase-content\">\n\t\t<div class=\"edgtf-showcase-content-table\">\n\t\t\t<div class=\"edgtf-showcase-content-cell\">\n\t\t\t\t\n<p class=\"edgtf-section-subtitle\" style=\"text-align:center\">\n\tImmer verbunden<\/p>\t\t\t\t\t\t\t\t\t<h4>Kostenloses WLAN<\/h4>\n\t\t\t\t\t\t\t\t\t\t\t\t\t<div class=\"edgtf-showcase-content-inner\">\n\t\t\t\t\t\tBleiben Sie mit Freunden und Familie in Verbindung dank des kostenlosen WLANs im gesamten Hotel, von den Zimmern bis zu den Gemeinschaftsbereichen. \t\t\t\t\t<\/div>\n\t\t\t\t\t\t\t<\/div>\n\t\t<\/div>\n\t<\/div>\n<\/div><div class=\"edgtf-showcase-item-holder\">\n\t<div class=\"edgtf-showcase-icon\">\n\t\t\n    <span class=\"edgtf-icon-shortcode circle \"  >\n        \n        <i class=\"edgtf-icon-linea-icon icon-basic-display edgtf-icon-element\" style=\"\" ><\/i>\n            <\/span>\n\n\t<\/div>\n\t<div class=\"edgtf-showcase-content\">\n\t\t<div class=\"edgtf-showcase-content-table\">\n\t\t\t<div class=\"edgtf-showcase-content-cell\">\n\t\t\t\t\n<p class=\"edgtf-section-subtitle\" style=\"text-align:center\">\n\tNiemals Langeweile<\/p>\t\t\t\t\t\t\t\t\t<h4>Satellitenfernsehen<\/h4>\n\t\t\t\t\t\t\t\t\t\t\t\t\t<div class=\"edgtf-showcase-content-inner\">\n\t\t\t\t\t\tGenie\u00dfen Sie dank Satellitenfernsehen in jedem Zimmer eine gro\u00dfe Auswahl an nationalen und internationalen Sendern. \t\t\t\t\t<\/div>\n\t\t\t\t\t\t\t<\/div>\n\t\t<\/div>\n\t<\/div>\n<\/div><div class=\"edgtf-showcase-item-holder\">\n\t<div class=\"edgtf-showcase-icon\">\n\t\t\n    <span class=\"edgtf-icon-shortcode circle \"  >\n        \n        <i class=\"edgtf-icon-linea-icon icon-basic-lock edgtf-icon-element\" style=\"\" ><\/i>\n            <\/span>\n\n\t<\/div>\n\t<div class=\"edgtf-showcase-content\">\n\t\t<div class=\"edgtf-showcase-content-table\">\n\t\t\t<div class=\"edgtf-showcase-content-cell\">\n\t\t\t\t\n<p class=\"edgtf-section-subtitle\" style=\"text-align:center\">\n\tMaximale Sicherheit<\/p>\t\t\t\t\t\t\t\t\t<h4>Safe<\/h4>\n\t\t\t\t\t\t\t\t\t\t\t\t\t<div class=\"edgtf-showcase-content-inner\">\n\t\t\t\t\t\tBewahren Sie Ihre Wertsachen beruhigt auf: Jedes Zimmer ist mit einem privaten Safe ausgestattet.\t\t\t\t\t<\/div>\n\t\t\t\t\t\t\t<\/div>\n\t\t<\/div>\n\t<\/div>\n<\/div><div class=\"edgtf-showcase-item-holder\">\n\t<div class=\"edgtf-showcase-icon\">\n\t\t\n    <span class=\"edgtf-icon-shortcode circle \"  >\n        \n        <i class=\"edgtf-icon-linea-icon icon-arrows-square-check edgtf-icon-element\" style=\"\" ><\/i>\n            <\/span>\n\n\t<\/div>\n\t<div class=\"edgtf-showcase-content\">\n\t\t<div class=\"edgtf-showcase-content-table\">\n\t\t\t<div class=\"edgtf-showcase-content-cell\">\n\t\t\t\t\n<p class=\"edgtf-section-subtitle\" style=\"text-align:center\">\n\tT\u00e4glicher Komfort<\/p>\t\t\t\t\t\t\t\t\t<h4>Bett- und Badw\u00e4sche<\/h4>\n\t\t\t\t\t\t\t\t\t\t\t\t\t<div class=\"edgtf-showcase-content-inner\">\n\t\t\t\t\t\tWir stellen Ihnen stets frische und saubere Bettw\u00e4sche und Handt\u00fccher zur Verf\u00fcgung, mit regelm\u00e4\u00dfigem Wechsel und auf Anfrage.\t\t\t\t\t<\/div>\n\t\t\t\t\t\t\t<\/div>\n\t\t<\/div>\n\t<\/div>\n<\/div><div class=\"edgtf-showcase-item-holder\">\n\t<div class=\"edgtf-showcase-icon\">\n\t\t\n    <span class=\"edgtf-icon-shortcode circle \"  >\n        \n        <i class=\"edgtf-icon-linea-icon icon-basic-upload edgtf-icon-element\" style=\"\" ><\/i>\n            <\/span>\n\n\t<\/div>\n\t<div class=\"edgtf-showcase-content\">\n\t\t<div class=\"edgtf-showcase-content-table\">\n\t\t\t<div class=\"edgtf-showcase-content-cell\">\n\t\t\t\t\n<p class=\"edgtf-section-subtitle\" style=\"text-align:center\">\n\tMaximale Autonomie<\/p>\t\t\t\t\t\t\t\t\t<h4>Waschmaschine in einem eigenen Fach<\/h4>\n\t\t\t\t\t\t\t\t\t\t\t\t\t<div class=\"edgtf-showcase-content-inner\">\n\t\t\t\t\t\tF\u00fcr l\u00e4ngere Aufenthalte oder einfach aus Bequemlichkeit k\u00f6nnen Sie die Gemeinschaftswaschmaschine nutzen, die sich in einem eigenen, komfortablen und reservierten Raum befindet. G\u00e4ste.\t\t\t\t\t<\/div>\n\t\t\t\t\t\t\t<\/div>\n\t\t<\/div>\n\t<\/div>\n<\/div><div class=\"edgtf-showcase-item-holder\">\n\t<div class=\"edgtf-showcase-icon\">\n\t\t\n    <span class=\"edgtf-icon-shortcode circle \"  >\n        \n        <i class=\"edgtf-icon-linea-icon icon-weather-sun edgtf-icon-element\" style=\"\" ><\/i>\n            <\/span>\n\n\t<\/div>\n\t<div class=\"edgtf-showcase-content\">\n\t\t<div class=\"edgtf-showcase-content-table\">\n\t\t\t<div class=\"edgtf-showcase-content-cell\">\n\t\t\t\t\n<p class=\"edgtf-section-subtitle\" style=\"text-align:center\">\n\tGarantierte Entspannung<\/p>\t\t\t\t\t\t\t\t\t<h4>Strandplatz<\/h4>\n\t\t\t\t\t\t\t\t\t\t\t\t\t<div class=\"edgtf-showcase-content-inner\">\n\t\t\t\t\t\tIn Ihrem Aufenthalt inbegriffen ist ein reservierter Platz am Strand mit Sonnenschirm und Liegest\u00fchlen, nur wenige Schritte vom Anwesen entfernt.\t\t\t\t\t<\/div>\n\t\t\t\t\t\t\t<\/div>\n\t\t<\/div>\n\t<\/div>\n<\/div><div class=\"edgtf-showcase-item-holder\">\n\t<div class=\"edgtf-showcase-icon\">\n\t\t\n    <span class=\"edgtf-icon-shortcode circle \"  >\n        \n        <i class=\"edgtf-icon-linea-icon icon-basic-clockwise edgtf-icon-element\" style=\"\" ><\/i>\n            <\/span>\n\n\t<\/div>\n\t<div class=\"edgtf-showcase-content\">\n\t\t<div class=\"edgtf-showcase-content-table\">\n\t\t\t<div class=\"edgtf-showcase-content-cell\">\n\t\t\t\t\n<p class=\"edgtf-section-subtitle\" style=\"text-align:center\">\n\tTadellose Reinigung<\/p>\t\t\t\t\t\t\t\t\t<h4>T\u00e4gliches Aufr\u00e4umen<\/h4>\n\t\t\t\t\t\t\t\t\t\t\t\t\t<div class=\"edgtf-showcase-content-inner\">\n\t\t\t\t\t\tJeden Tag k\u00fcmmert sich unser Personal um das Aufr\u00e4umen des Zimmers, um sicherzustellen, dass die R\u00e4ume immer sauber, hygienisch und einladend.\t\t\t\t\t<\/div>\n\t\t\t\t\t\t\t<\/div>\n\t\t<\/div>\n\t<\/div>\n<\/div><\/div><div class=\"edgtf-int-icon-circle\"><\/div><\/div>\t\t<\/div>\n\t<\/div>\n<\/div><\/div>[\/vc_column][\/vc_row][vc_row css=&#8220;.vc_custom_1469609306824{background-color: #1e73be !important;}&#8220;][vc_column]<div class=\"edgtf-elements-holder edgtf-two-columns edgtf-responsive-mode-768\" ><div class=\"edgtf-elements-holder-item edgtf-horizontal-alignment-right\"  >\n\t<div class=\"edgtf-elements-holder-item-inner\">\n\t\t<div class=\"edgtf-elements-holder-item-content edgtf-elements-holder-custom-377992\" style=\"padding: 12.7% 12.4% 13.7% 32.5%\">\n\t\t\t\t\t\t<style type=\"text\/css\" data-type=\"edgtf-elements-custom-padding\" scoped>\n\n\t\t\t\t\t\t\t\t@media only screen and (min-width: 1280px) and (max-width: 1439px) {\n\t\t\t\t\t.edgtf-elements-holder .edgtf-elements-holder-item-content.edgtf-elements-holder-custom-377992 {\n\t\t\t\t\t\tpadding:  !important;\n\t\t\t\t\t}\n\t\t\t\t}\n\t\t\t\t\t\t\t\t\t\t\t\t\t@media only screen and (min-width: 1024px) and (max-width: 1280px) {\n\t\t\t\t\t\t.edgtf-elements-holder .edgtf-elements-holder-item-content.edgtf-elements-holder-custom-377992 {\n\t\t\t\t\t\t\tpadding: 4% 11% 4% 17% !important;\n\t\t\t\t\t\t}\n\t\t\t\t\t}\n\t\t\t\t\t\t\t\t\t\t\t\t@media only screen and (min-width: 768px) and (max-width: 1024px) {\n\t\t\t\t\t.edgtf-elements-holder .edgtf-elements-holder-item-content.edgtf-elements-holder-custom-377992 {\n\t\t\t\t\t\tpadding: 7% 11% 7% 29% !important;\n\t\t\t\t\t}\n\t\t\t\t}\n\t\t\t\t\t\t\t\t\t\t\t\t@media only screen and (min-width: 600px) and (max-width: 768px) {\n\t\t\t\t\t.edgtf-elements-holder .edgtf-elements-holder-item-content.edgtf-elements-holder-custom-377992 {\n\t\t\t\t\t\tpadding: 7% 3% 7% 8% !important;\n\t\t\t\t\t}\n\t\t\t\t}\n\t\t\t\t\t\t\t\t\t\t\t\t@media only screen and (min-width: 480px) and (max-width: 600px) {\n\t\t\t\t\t.edgtf-elements-holder .edgtf-elements-holder-item-content.edgtf-elements-holder-custom-377992 {\n\t\t\t\t\t\tpadding: 7% 4% 7% 10% !important;\n\t\t\t\t\t}\n\t\t\t\t}\n\t\t\t\t\t\t\t\t\t\t\t\t@media only screen and (max-width: 480px) {\n\t\t\t\t\t.edgtf-elements-holder .edgtf-elements-holder-item-content.edgtf-elements-holder-custom-377992 {\n\t\t\t\t\t\tpadding: 20% 9% 20% 9% !important;\n\t\t\t\t\t}\n\t\t\t\t}\n\t\t\t\t\t\t\t\t<\/style>\n\t\t\t\t\t\t[vc_empty_space height=&#8220;9px&#8220;][vc_column_text]<\/p>\n<h2 style=\"color: #ffffff;\">Wohnungen Typ B<\/h2>\n<p>[\/vc_column_text][vc_empty_space height=&#8220;26px&#8220;][vc_column_text]<span style=\"color: #ffffff;\">Die Zweizimmerwohnungen der Residenz Panorama in Bibione bieten Platz f\u00fcr bis zu 5 Personen und bestehen aus einem Wohnbereich mit Schlafcouch, einer K\u00fcchenzeile mit Cerankochfeld und Mikrowelle, einem Schlafzimmer mit Doppelbett und Schlafcouch, einem Badezimmer und einer gro\u00dfen \u00fcberdachten Terrasse mit Meerblick. Ein Garagenstellplatz ist im Preis inbegriffen.<\/span>[\/vc_column_text][vc_empty_space height=&#8220;30px&#8220;]<a href=\"\/de\/kontakt\/\" target=\"_self\" style=\"color: #ffffff;font-weight: 700\" class=\"edgtf-btn edgtf-btn-medium edgtf-btn-solid-light edgtf-btn-custom-hover-bg edgtf-btn-custom-border-hover edgtf-btn-custom-hover-color\" data-hover-bg-color=\"#e2af00\" data-hover-color=\"#ffffff\" data-hover-border-color=\"#e2af00\" >\n    <span class=\"edgtf-btn-text\">Informationsanfrage<\/span><\/a>\t\t<\/div>\n\t<\/div>\n<\/div><div class=\"edgtf-elements-holder-item \"  >\n\t<div class=\"edgtf-elements-holder-item-inner\">\n\t\t<div class=\"edgtf-elements-holder-item-content edgtf-elements-holder-custom-425933\" style=\"padding: 0% 0% 0% 0%\">\n\t\t\t\t\t\t<style type=\"text\/css\" data-type=\"edgtf-elements-custom-padding\" scoped>\n\n\t\t\t\t\t\t\t\t@media only screen and (min-width: 1280px) and (max-width: 1439px) {\n\t\t\t\t\t.edgtf-elements-holder .edgtf-elements-holder-item-content.edgtf-elements-holder-custom-425933 {\n\t\t\t\t\t\tpadding:  !important;\n\t\t\t\t\t}\n\t\t\t\t}\n\t\t\t\t\t\t\t\t\t\t\t\t\t@media only screen and (min-width: 1024px) and (max-width: 1280px) {\n\t\t\t\t\t\t.edgtf-elements-holder .edgtf-elements-holder-item-content.edgtf-elements-holder-custom-425933 {\n\t\t\t\t\t\t\tpadding: 4% 11% 4% 17% !important;\n\t\t\t\t\t\t}\n\t\t\t\t\t}\n\t\t\t\t\t\t\t\t\t\t\t\t@media only screen and (min-width: 768px) and (max-width: 1024px) {\n\t\t\t\t\t.edgtf-elements-holder .edgtf-elements-holder-item-content.edgtf-elements-holder-custom-425933 {\n\t\t\t\t\t\tpadding: 7% 11% 7% 29% !important;\n\t\t\t\t\t}\n\t\t\t\t}\n\t\t\t\t\t\t\t\t\t\t\t\t@media only screen and (min-width: 600px) and (max-width: 768px) {\n\t\t\t\t\t.edgtf-elements-holder .edgtf-elements-holder-item-content.edgtf-elements-holder-custom-425933 {\n\t\t\t\t\t\tpadding: 7% 3% 7% 8% !important;\n\t\t\t\t\t}\n\t\t\t\t}\n\t\t\t\t\t\t\t\t\t\t\t\t@media only screen and (min-width: 480px) and (max-width: 600px) {\n\t\t\t\t\t.edgtf-elements-holder .edgtf-elements-holder-item-content.edgtf-elements-holder-custom-425933 {\n\t\t\t\t\t\tpadding: 7% 4% 7% 10% !important;\n\t\t\t\t\t}\n\t\t\t\t}\n\t\t\t\t\t\t\t\t\t\t\t\t@media only screen and (max-width: 480px) {\n\t\t\t\t\t.edgtf-elements-holder .edgtf-elements-holder-item-content.edgtf-elements-holder-custom-425933 {\n\t\t\t\t\t\tpadding: 20% 9% 20% 9% !important;\n\t\t\t\t\t}\n\t\t\t\t}\n\t\t\t\t\t\t\t\t<\/style>\n\t\t\t\t\t\t[vc_gallery type=&#8220;nivo&#8220; interval=&#8220;3&#8243; images=&#8220;5137,5138,5139,5140,5141,5142&#8243; img_size=&#8220;full&#8220; onclick=&#8220;&#8220;]\t\t<\/div>\n\t<\/div>\n<\/div><\/div>[\/vc_column][\/vc_row][vc_row css=&#8220;.vc_custom_1469631057175{background-color: #125795 !important;}&#8220;][vc_column]<div class=\"edgtf-elements-holder edgtf-two-columns edgtf-responsive-mode-768\" ><div class=\"edgtf-elements-holder-item \"  >\n\t<div class=\"edgtf-elements-holder-item-inner\">\n\t\t<div class=\"edgtf-elements-holder-item-content edgtf-elements-holder-custom-647723\" style=\"padding: 0% 0% 0% 0%\">\n\t\t\t\t\t\t[vc_gallery type=&#8220;nivo&#8220; interval=&#8220;3&#8243; images=&#8220;5126,5127,5128,5129,5130,5131,5132,5133,5134,5135&#8243; img_size=&#8220;full&#8220; onclick=&#8220;&#8220;]\t\t<\/div>\n\t<\/div>\n<\/div><div class=\"edgtf-elements-holder-item \"  >\n\t<div class=\"edgtf-elements-holder-item-inner\">\n\t\t<div class=\"edgtf-elements-holder-item-content edgtf-elements-holder-custom-194483\" style=\"padding: 12.7% 12.7% 12.7% 12.7%\">\n\t\t\t\t\t\t<style type=\"text\/css\" data-type=\"edgtf-elements-custom-padding\" scoped>\n\n\t\t\t\t\t\t\t\t@media only screen and (min-width: 1280px) and (max-width: 1439px) {\n\t\t\t\t\t.edgtf-elements-holder .edgtf-elements-holder-item-content.edgtf-elements-holder-custom-194483 {\n\t\t\t\t\t\tpadding:  !important;\n\t\t\t\t\t}\n\t\t\t\t}\n\t\t\t\t\t\t\t\t\t\t\t\t\t@media only screen and (min-width: 1024px) and (max-width: 1280px) {\n\t\t\t\t\t\t.edgtf-elements-holder .edgtf-elements-holder-item-content.edgtf-elements-holder-custom-194483 {\n\t\t\t\t\t\t\tpadding: 4% 11% 4% 17% !important;\n\t\t\t\t\t\t}\n\t\t\t\t\t}\n\t\t\t\t\t\t\t\t\t\t\t\t@media only screen and (min-width: 768px) and (max-width: 1024px) {\n\t\t\t\t\t.edgtf-elements-holder .edgtf-elements-holder-item-content.edgtf-elements-holder-custom-194483 {\n\t\t\t\t\t\tpadding: 7% 11% 7% 29% !important;\n\t\t\t\t\t}\n\t\t\t\t}\n\t\t\t\t\t\t\t\t\t\t\t\t@media only screen and (min-width: 600px) and (max-width: 768px) {\n\t\t\t\t\t.edgtf-elements-holder .edgtf-elements-holder-item-content.edgtf-elements-holder-custom-194483 {\n\t\t\t\t\t\tpadding: 7% 3% 7% 8% !important;\n\t\t\t\t\t}\n\t\t\t\t}\n\t\t\t\t\t\t\t\t\t\t\t\t@media only screen and (min-width: 480px) and (max-width: 600px) {\n\t\t\t\t\t.edgtf-elements-holder .edgtf-elements-holder-item-content.edgtf-elements-holder-custom-194483 {\n\t\t\t\t\t\tpadding: 7% 4% 7% 10% !important;\n\t\t\t\t\t}\n\t\t\t\t}\n\t\t\t\t\t\t\t\t\t\t\t\t@media only screen and (max-width: 480px) {\n\t\t\t\t\t.edgtf-elements-holder .edgtf-elements-holder-item-content.edgtf-elements-holder-custom-194483 {\n\t\t\t\t\t\tpadding: 20% 9% 20% 9% !important;\n\t\t\t\t\t}\n\t\t\t\t}\n\t\t\t\t\t\t\t\t<\/style>\n\t\t\t\t\t\t[vc_empty_space height=&#8220;9px&#8220;][vc_column_text]<\/p>\n<h2 style=\"color: #ffffff;\">Wohnungen Typ\u00a0C<\/h2>\n<p>[\/vc_column_text][vc_empty_space height=&#8220;26px&#8220;][vc_column_text]<span style=\"color: #ffffff;\">Diese ger\u00e4umigen Apartments bieten Platz f\u00fcr 4 bis 6 Personen und sind ideal f\u00fcr Familien. Sie sind mit Liebe zum Detail eingerichtet. Sie bestehen aus einem Wohnzimmer mit K\u00fcchenzeile und Schlafsofa, zwei Doppelzimmern, zwei Badezimmern, einer gro\u00dfen Terrasse mit Meerblick und einer Seitenterrasse sowie einem Garagenstellplatz.<\/span>[\/vc_column_text][vc_empty_space height=&#8220;30px&#8220;]<a href=\"\/de\/kontakt\/\" target=\"_self\" style=\"color: #ffffff;font-weight: 700\" class=\"edgtf-btn edgtf-btn-medium edgtf-btn-solid-light edgtf-btn-custom-hover-bg edgtf-btn-custom-border-hover edgtf-btn-custom-hover-color\" data-hover-bg-color=\"#e2af00\" data-hover-color=\"#ffffff\" data-hover-border-color=\"#e2af00\" >\n    <span class=\"edgtf-btn-text\">Informationsanfrage<\/span><\/a>\t\t<\/div>\n\t<\/div>\n<\/div><\/div>[\/vc_column][\/vc_row][vc_row content_width=&#8220;grid&#8220; content_aligment=&#8220;center&#8220; css=&#8220;.vc_custom_1469719806429{background-color: #f7f7f7 !important;}&#8220;][vc_column][vc_empty_space height=&#8220;74px&#8220;][vc_column_text]<\/p>\n<h2>Apartments mit Zusatzleistungen<\/h2>\n<p>[\/vc_column_text][vc_empty_space height=&#8220;54px&#8220;][\/vc_column][\/vc_row][vc_row content_width=&#8220;grid&#8220; css=&#8220;.vc_custom_1469719820093{background-color: #f7f7f7 !important;}&#8220;][vc_column width=&#8220;1\/3&#8243;]<div class=\"edgtf-iwt clearfix edgtf-iwt-icon-top edgtf-iwt-icon-medium\">\n    <div class=\"edgtf-iwt-icon-holder\">\n                    <img loading=\"lazy\" decoding=\"async\" width=\"100\" height=\"100\" src=\"https:\/\/www.bibionepanorama.it\/wp-content\/uploads\/2016\/07\/tipo-l.png\" class=\"attachment-full size-full\" alt=\"\" \/>            <\/div>\n    <div class=\"edgtf-iwt-content-holder\" >\n        <div class=\"edgtf-iwt-title-holder\">\n            <h5 style=\"color: #1e73be\">Typ L<\/h5>\n        <\/div>\n        <div class=\"edgtf-iwt-text-holder\">\n            <p >Um Ihren Urlaub noch komfortabler zu gestalten, bieten wir Ihnen die LUX-Apartments BL und CL an. Zur Standardausstattung geh\u00f6ren ein Geschirrsp\u00fcler, ein Fernseher im Schlafzimmer und zwei Fahrr\u00e4der (je nach Verf\u00fcgbarkeit). Die Zweizimmer-Apartments BL befinden sich im dritten und vierten Stock, die Dreizimmer-Apartments CL im dritten Stock.<\/p>\n\n                    <\/div>\n    <\/div>\n<\/div>[\/vc_column][vc_column width=&#8220;1\/3&#8243;]<div class=\"edgtf-iwt clearfix edgtf-iwt-icon-top edgtf-iwt-icon-medium\">\n    <div class=\"edgtf-iwt-icon-holder\">\n                    <img loading=\"lazy\" decoding=\"async\" width=\"100\" height=\"100\" src=\"https:\/\/www.bibionepanorama.it\/wp-content\/uploads\/2016\/07\/tipo-l-l.png\" class=\"attachment-full size-full\" alt=\"\" \/>            <\/div>\n    <div class=\"edgtf-iwt-content-holder\" >\n        <div class=\"edgtf-iwt-title-holder\">\n            <h5 style=\"color: #1e73be\">Typ LL<\/h5>\n        <\/div>\n        <div class=\"edgtf-iwt-text-holder\">\n            <p >F\u00fcr die anspruchsvollsten G\u00e4ste, die sich maximale Entspannung w\u00fcnschen, empfehlen wir die BLL- und CLL-L\u00f6sungen mit Panoramablick, die neben den L-Annehmlichkeiten auch einen Strandservice mit Sonnenschirm und Sonnenliegen in den ersten drei Reihen sowie jeden Morgen Ihre Lieblingszeitung beinhalten.<\/p>\n\n                    <\/div>\n    <\/div>\n<\/div>[\/vc_column][vc_column width=&#8220;1\/3&#8243;]<div class=\"edgtf-iwt clearfix edgtf-iwt-icon-top edgtf-iwt-icon-medium\">\n    <div class=\"edgtf-iwt-icon-holder\">\n                    <img loading=\"lazy\" decoding=\"async\" width=\"100\" height=\"100\" src=\"https:\/\/www.bibionepanorama.it\/wp-content\/uploads\/2016\/07\/tipo-l-h.png\" class=\"attachment-full size-full\" alt=\"\" \/>            <\/div>\n    <div class=\"edgtf-iwt-content-holder\" >\n        <div class=\"edgtf-iwt-title-holder\">\n            <h5 style=\"color: #1e73be\">Typ H<\/h5>\n        <\/div>\n        <div class=\"edgtf-iwt-text-holder\">\n            <p >Die Panorama-Residenz ist v\u00f6llig barrierefrei und bietet speziell f\u00fcr Menschen mit Behinderungen ausgestattete Apartments, um durchgehend maximale Zug\u00e4nglichkeit und Komfort zu gew\u00e4hrleisten.<\/p>\n\n                    <\/div>\n    <\/div>\n<\/div>[\/vc_column][\/vc_row][vc_row content_width=&#8220;grid&#8220; content_aligment=&#8220;center&#8220; css=&#8220;.vc_custom_1469719840708{background-color: #f7f7f7 !important;}&#8220;][vc_column][vc_empty_space height=&#8220;74px&#8220;][\/vc_column][\/vc_row]<\/p>\n<\/div>","protected":false},"excerpt":{"rendered":"<p>[vc_row content_width=&#8220;grid&#8220; css=&#8220;.vc_custom_1750171590420{padding-top: 140px !important;padding-bottom: 50px !important;}&#8220;][vc_column css=&#8220;.vc_custom_1459760007455{padding-right: 3% !important;}&#8220; offset=&#8220;vc_col-lg-6 vc_col-md-12&#8243;][vc_single_image image=&#8220;12080&#8243; img_size=&#8220;large&#8220;][vc_empty_space height=&#8220;60px&#8220;][\/vc_column][vc_column css=&#8220;.vc_custom_1459760013485{padding-right: 9% !important;padding-left: 3% !important;}&#8220; offset=&#8220;vc_col-lg-6 vc_col-md-12&#8243;][vc_column_text] Suiten und Apartments mit Meerblick [\/vc_column_text][vc_empty_space height=&#8220;24px&#8220;][vc_column_text] Die elegant eingerichteten und sorgf\u00e4ltig gepflegten Bibione Panorama Apartments bieten ein edles Ambiente mit jeglichem Komfort&#8230;.<\/p>\n","protected":false},"author":1,"featured_media":0,"parent":0,"menu_order":0,"comment_status":"closed","ping_status":"closed","template":"full-width.php","meta":{"wp_mapbox_gl_js_media":[],"footnotes":""},"class_list":["post-5406","page","type-page","status-publish","hentry"],"_links":{"self":[{"href":"https:\/\/www.bibionepanorama.it\/de\/wp-json\/wp\/v2\/pages\/5406","targetHints":{"allow":["GET"]}}],"collection":[{"href":"https:\/\/www.bibionepanorama.it\/de\/wp-json\/wp\/v2\/pages"}],"about":[{"href":"https:\/\/www.bibionepanorama.it\/de\/wp-json\/wp\/v2\/types\/page"}],"author":[{"embeddable":true,"href":"https:\/\/www.bibionepanorama.it\/de\/wp-json\/wp\/v2\/users\/1"}],"replies":[{"embeddable":true,"href":"https:\/\/www.bibionepanorama.it\/de\/wp-json\/wp\/v2\/comments?post=5406"}],"version-history":[{"count":18,"href":"https:\/\/www.bibionepanorama.it\/de\/wp-json\/wp\/v2\/pages\/5406\/revisions"}],"predecessor-version":[{"id":13003,"href":"https:\/\/www.bibionepanorama.it\/de\/wp-json\/wp\/v2\/pages\/5406\/revisions\/13003"}],"wp:attachment":[{"href":"https:\/\/www.bibionepanorama.it\/de\/wp-json\/wp\/v2\/media?parent=5406"}],"curies":[{"name":"wp","href":"https:\/\/api.w.org\/{rel}","templated":true}]}}